{"id":9960,"date":"2025-03-08T22:59:43","date_gmt":"2025-03-08T22:59:43","guid":{"rendered":"https:\/\/er-c.org\/?page_id=9960"},"modified":"2025-03-11T16:30:56","modified_gmt":"2025-03-11T16:30:56","slug":"riana-venue-travel-information","status":"publish","type":"page","link":"https:\/\/er-c.org\/index.php\/conferences\/riana_school\/riana-venue-travel-information\/","title":{"rendered":"Riana Venue &#038; Travel Information"},"content":{"rendered":"<div class=\"wp-block-image is-style-default ticss-e801117e\">\n<figure class=\"aligncenter size-large is-resized\"><a href=\"https:\/\/riana-project.eu\/\" target=\"_blank\" rel=\" noreferrer noopener\"><img loading=\"lazy\" decoding=\"async\" width=\"1024\" height=\"126\" src=\"https:\/\/er-c.org\/wp-content\/uploads\/2025\/03\/Banner-1024x126.png\" alt=\"\" class=\"wp-image-10057\" style=\"width:1200px;height:undefinedpx\" srcset=\"https:\/\/er-c.org\/wp-content\/uploads\/2025\/03\/Banner-1024x126.png 1024w, https:\/\/er-c.org\/wp-content\/uploads\/2025\/03\/Banner-300x37.png 300w, https:\/\/er-c.org\/wp-content\/uploads\/2025\/03\/Banner-768x94.png 768w, https:\/\/er-c.org\/wp-content\/uploads\/2025\/03\/Banner-1536x189.png 1536w, https:\/\/er-c.org\/wp-content\/uploads\/2025\/03\/Banner-2048x252.png 2048w\" sizes=\"auto, (max-width: 1024px) 100vw, 1024px\" \/><\/a><\/figure>\n<\/div>\n\n\n<div class=\"wp-block-columns is-layout-flex wp-container-core-columns-is-layout-9d6595d7 wp-block-columns-is-layout-flex\">\n<div class=\"wp-block-column is-layout-flow wp-block-column-is-layout-flow\">\n<h1 style=\"text-align: center;\"><span style=\"color: #003399;\"><strong>1<sup>st<\/sup> RIANA Training School <br>on <br>Nanoscience and Nanotechnology<\/strong><\/span><\/h1>\n<hr>\n<p style=\"text-align: center;\"><a href=\"https:\/\/www.fz-juelich.de\/en\" target=\"_blank\" rel=\"noopener\"><span style=\"background-color: #ffcc00; color: #003399;\"><strong>Venue: Forschungszentrum J\u00fclich (Germany)<\/strong><\/span><\/a><\/p>\n<p>&nbsp;<\/p>\n\n\n<div class=\"wp-block-image\">\n<figure class=\"aligncenter size-large is-resized\"><a href=\"https:\/\/www.fz-juelich.de\/en\" target=\"_blank\" rel=\" noreferrer noopener\"><img loading=\"lazy\" decoding=\"async\" width=\"1024\" height=\"320\" src=\"https:\/\/er-c.org\/wp-content\/uploads\/2023\/11\/Luftbild-1024x320.jpg\" alt=\"\" class=\"wp-image-7639\" style=\"width:1200px\" srcset=\"https:\/\/er-c.org\/wp-content\/uploads\/2023\/11\/Luftbild-1024x320.jpg 1024w, https:\/\/er-c.org\/wp-content\/uploads\/2023\/11\/Luftbild-300x94.jpg 300w, https:\/\/er-c.org\/wp-content\/uploads\/2023\/11\/Luftbild-768x240.jpg 768w, https:\/\/er-c.org\/wp-content\/uploads\/2023\/11\/Luftbild-1536x480.jpg 1536w, https:\/\/er-c.org\/wp-content\/uploads\/2023\/11\/Luftbild.jpg 1600w\" sizes=\"auto, (max-width: 1024px) 100vw, 1024px\" \/><\/a><\/figure>\n<\/div>\n\n\n<div style=\"height:50px\" aria-hidden=\"true\" class=\"wp-block-spacer\"><\/div>\n\n\n\n<p style=\"text-align: center;\">J\u00fclich is situated in the triangle between Cologne, D\u00fcsseldorf and Aachen. If you travel by plane, D\u00fcsseldorf airport is usually the most convenient choice. From the railway station at the airport, we recommend to continue to D\u00fcren main station by train. Some trains go directly to D\u00fcren whereas other connections involve a change at Cologne main station. From D\u00fcren main station you can continue by bus to reach your hotel.<\/p>\n<p style=\"text-align: center;\"><span style=\"color: #df05b0; background-color: #ffcc00;\"><strong><span style=\"color: #003399;\">Accommodation will be provided here: \u201c<a style=\"color: #003399; background-color: #ffcc00;\" href=\"https:\/\/www.hotel-bb.com\/en\/hotel\/dueren\" target=\"_blank\" rel=\"noopener\">B&amp;B Hotel D\u00fcren<\/a>\u201c.<\/span> <\/strong><\/span><\/p>\n<p style=\"text-align: center;\">Traveling to \/ from the Hotel has to be organized and paid at your own expenses. But we will organize a shuttle bus that will pick you up at the B&amp;B Hotel in the morning and will bring you back in the evening.<\/p>\n<\/div>\n<\/div>\n\n\n<div style=\"height:300pxpx;\" class=\"wp-block-themeisle-blocks-leaflet-map\" id=\"wp-block-themeisle-blocks-leaflet-map-61872805\"><\/div>\n<script type=\"text\/javascript\">\n\t\/* <![CDATA[ *\/\n\t\tif ( ! window.themeisleLeafletMaps ) window.themeisleLeafletMaps =[];\n\t\twindow.themeisleLeafletMaps.push( { container: \"wp-block-themeisle-blocks-leaflet-map-61872805\", attributes: {\"id\":\"wp-block-themeisle-blocks-leaflet-map-61872805\",\"location\":\"Forschungszentrum J\\u00fclich\",\"latitude\":\"51.28940590271679\",\"longitude\":\"6.470947265625\",\"bbox\":\"1.8566894531250002,50.24720490139267,11.085205078125,52.308478623663355\",\"zoom\":7,\"height\":\"300px\",\"markers\":[{\"id\":\"11375d3f-5752-4969-9baf-913019905d5f\",\"latitude\":50.90802585409309,\"longitude\":6.414749622344972,\"title\":\"ER-C\",\"description\":\"\",\"location\":\"Forschungszentrum J\\u00fclich\"}],\"zoomControl\":true,\"draggable\":true,\"extended_widget_opts_block\":{},\"extended_widget_opts\":{},\"extended_widget_opts_state\":\"\",\"extended_widget_opts_clientid\":\"\",\"dateUpdated\":\"\",\"hasCustomCSS\":false,\"customCSS\":\"\",\"otterConditions\":[]} } );\n\t\/* ]]> *\/\n<\/script>\n\n\n\n<div style=\"height:50px\" aria-hidden=\"true\" class=\"wp-block-spacer\"><\/div>\n\n\n\n<p style=\"text-align: center;\">RIANA is a Horizon Europe funded project which supports curiosity-driven research in nanoscience with open research questions for long-term impact, and challenge-driven research in nanotechnology with targeted research questions for short- and mid-term impact. This project has received funding from the European Union\u2018s Horizon Europe research and innovation programme under grant agreement No. 101130652.<\/p>\n\n\n\n<table style=\"border-collapse: collapse; width: 100%;\">\n<tbody>\n<tr>\n<td style=\"width: 50%; text-align: left; border-style: hidden; background-color: #ffffff;\"><img loading=\"lazy\" decoding=\"async\" class=\"alignleft wp-image-9830\" src=\"https:\/\/er-c.org\/wp-content\/uploads\/2025\/02\/EN_FundedbytheEU_RGB_POS-150x150.png\" alt=\"\" width=\"224\" height=\"50\" srcset=\"https:\/\/er-c.org\/wp-content\/uploads\/2025\/02\/EN_FundedbytheEU_RGB_POS-300x67.png 300w, https:\/\/er-c.org\/wp-content\/uploads\/2025\/02\/EN_FundedbytheEU_RGB_POS-1024x228.png 1024w, https:\/\/er-c.org\/wp-content\/uploads\/2025\/02\/EN_FundedbytheEU_RGB_POS-768x171.png 768w, https:\/\/er-c.org\/wp-content\/uploads\/2025\/02\/EN_FundedbytheEU_RGB_POS-1536x342.png 1536w, https:\/\/er-c.org\/wp-content\/uploads\/2025\/02\/EN_FundedbytheEU_RGB_POS-2048x456.png 2048w\" sizes=\"auto, (max-width: 224px) 100vw, 224px\" \/><\/td>\n<td style=\"width: 50%; text-align: right; border-style: hidden; background-color: #ffffff;\"><img loading=\"lazy\" decoding=\"async\" class=\"wp-image-9804 alignright\" src=\"https:\/\/er-c.org\/wp-content\/uploads\/2025\/02\/2023-03-03_RIANA_Logo-final-150x150.png\" alt=\"\" width=\"132\" height=\"50\" srcset=\"https:\/\/er-c.org\/wp-content\/uploads\/2025\/02\/2023-03-03_RIANA_Logo-final-300x114.png 300w, https:\/\/er-c.org\/wp-content\/uploads\/2025\/02\/2023-03-03_RIANA_Logo-final-1024x388.png 1024w, https:\/\/er-c.org\/wp-content\/uploads\/2025\/02\/2023-03-03_RIANA_Logo-final-768x291.png 768w, https:\/\/er-c.org\/wp-content\/uploads\/2025\/02\/2023-03-03_RIANA_Logo-final.png 1131w\" sizes=\"auto, (max-width: 132px) 100vw, 132px\" \/><\/td>\n<\/tr>\n<\/tbody>\n<\/table>\n","protected":false},"excerpt":{"rendered":"<p>RIANA is a Horizon Europe funded project which supports curiosity-driven research in nanoscience with open research questions for long-term impact, and challenge-driven research in nanotechnology with targeted research questions for short- and mid-term impact.<\/p>\n","protected":false},"author":2,"featured_media":9804,"parent":9818,"menu_order":0,"comment_status":"closed","ping_status":"closed","template":"page-templates\/pagebuilder.php","meta":{"_themeisle_gutenberg_block_has_review":false,"footnotes":""},"class_list":["post-9960","page","type-page","status-publish","has-post-thumbnail","hentry"],"_links":{"self":[{"href":"https:\/\/er-c.org\/index.php\/wp-json\/wp\/v2\/pages\/9960","targetHints":{"allow":["GET"]}}],"collection":[{"href":"https:\/\/er-c.org\/index.php\/wp-json\/wp\/v2\/pages"}],"about":[{"href":"https:\/\/er-c.org\/index.php\/wp-json\/wp\/v2\/types\/page"}],"author":[{"embeddable":true,"href":"https:\/\/er-c.org\/index.php\/wp-json\/wp\/v2\/users\/2"}],"replies":[{"embeddable":true,"href":"https:\/\/er-c.org\/index.php\/wp-json\/wp\/v2\/comments?post=9960"}],"version-history":[{"count":11,"href":"https:\/\/er-c.org\/index.php\/wp-json\/wp\/v2\/pages\/9960\/revisions"}],"predecessor-version":[{"id":10073,"href":"https:\/\/er-c.org\/index.php\/wp-json\/wp\/v2\/pages\/9960\/revisions\/10073"}],"up":[{"embeddable":true,"href":"https:\/\/er-c.org\/index.php\/wp-json\/wp\/v2\/pages\/9818"}],"wp:featuredmedia":[{"embeddable":true,"href":"https:\/\/er-c.org\/index.php\/wp-json\/wp\/v2\/media\/9804"}],"wp:attachment":[{"href":"https:\/\/er-c.org\/index.php\/wp-json\/wp\/v2\/media?parent=9960"}],"curies":[{"name":"wp","href":"https:\/\/api.w.org\/{rel}","templated":true}]}}