{"id":9525,"date":"2025-01-06T14:44:30","date_gmt":"2025-01-06T14:44:30","guid":{"rendered":"https:\/\/er-c.org\/?page_id=9525"},"modified":"2025-10-04T15:36:23","modified_gmt":"2025-10-04T15:36:23","slug":"venue-travel-information-wem","status":"publish","type":"page","link":"https:\/\/er-c.org\/index.php\/conferences\/wem\/venue-travel-information-wem\/","title":{"rendered":"Venue &#038; Travel Information"},"content":{"rendered":"<div class=\"wp-block-image is-style-default ticss-e801117e\">\n<figure class=\"aligncenter size-large is-resized\"><img loading=\"lazy\" decoding=\"async\" width=\"1024\" height=\"274\" src=\"https:\/\/er-c.org\/wp-content\/uploads\/2025\/04\/Banner-endorsement5-1-1024x274.png\" alt=\"\" class=\"wp-image-10220\" style=\"width:1200px;height:undefinedpx\" srcset=\"https:\/\/er-c.org\/wp-content\/uploads\/2025\/04\/Banner-endorsement5-1-1024x274.png 1024w, https:\/\/er-c.org\/wp-content\/uploads\/2025\/04\/Banner-endorsement5-1-300x80.png 300w, https:\/\/er-c.org\/wp-content\/uploads\/2025\/04\/Banner-endorsement5-1-768x206.png 768w, https:\/\/er-c.org\/wp-content\/uploads\/2025\/04\/Banner-endorsement5-1-1536x411.png 1536w, https:\/\/er-c.org\/wp-content\/uploads\/2025\/04\/Banner-endorsement5-1-2048x548.png 2048w\" sizes=\"auto, (max-width: 1024px) 100vw, 1024px\" \/><\/figure>\n<\/div>\n\n\n<div class=\"wp-block-columns ticss-3215e14e is-layout-flex wp-container-core-columns-is-layout-9d6595d7 wp-block-columns-is-layout-flex\">\n<div class=\"wp-block-column is-layout-flow wp-block-column-is-layout-flow\"><div\n\t\t\t\n\t\t\tclass=\"so-widget-sow-headline so-widget-sow-headline-default-6a2af89703aa\"\n\t\t\t\n\t\t><div class=\"sow-headline-container \">\n\t\t\t\t\t\t\t<h1 class=\"sow-headline\">\n\t\t\t\t\t\tVenue:\t\t\t\t\t\t<\/h1>\n\t\t\t\t\t\t\t\t\t\t\t\t<h1 class=\"sow-sub-headline\">\n\t\t\t\t\t\tForschungszentrum J\u00fclich\t\t\t\t\t\t<\/h1>\n\t\t\t\t\t\t<\/div>\n<\/div>\t\t\t\t<style type=\"text\/css\">.so-widget-sow-headline-default-6a2af89703aa .sow-headline-container h1.sow-headline {\n  \n  text-align: center;\n  \n  line-height: 1.4em;\n  \n  \n  \n}\n@media (max-width: 780px) {\n  .so-widget-sow-headline-default-6a2af89703aa .sow-headline-container h1.sow-headline {\n    text-align: center;\n  }\n}\n.so-widget-sow-headline-default-6a2af89703aa .sow-headline-container h1.sow-sub-headline {\n  \n  text-align: center;\n  \n  line-height: 1.4em;\n  \n  \n  \n}\n@media (max-width: 780px) {\n  .so-widget-sow-headline-default-6a2af89703aa .sow-headline-container h1.sow-sub-headline {\n    text-align: center;\n  }\n}\n.so-widget-sow-headline-default-6a2af89703aa .sow-headline-container .decoration {\n  line-height: 0em;\n  text-align: center;\n  margin-top: 20px;\n  margin-bottom: 20px;\n}\n@media (max-width: 780px) {\n  .so-widget-sow-headline-default-6a2af89703aa .sow-headline-container .decoration {\n    text-align: center;\n  }\n}\n.so-widget-sow-headline-default-6a2af89703aa .sow-headline-container .decoration .decoration-inside {\n  height: 1px;\n  display: inline-block;\n  border-top: 2px none #eeeeee;\n  width: 100%;\n  max-width: 80%;\n}\n.so-widget-sow-headline-default-6a2af89703aa .sow-headline-container *:first-child {\n  margin-top: 0 !important;\n}\n.so-widget-sow-headline-default-6a2af89703aa .sow-headline-container *:last-child {\n  margin-bottom: 0 !important;\n}<\/style>\n\t\t\t\t\n\n\n<div style=\"height:50px\" aria-hidden=\"true\" class=\"wp-block-spacer\"><\/div>\n\n\n\n<p>&nbsp;<\/p>\n<p style=\"text-align: center;\"><span class=\"ds3\"><span class=\"ds26\">WEM2025 \u2013 a conference for Women in Electron Microscopy on Breaking Barriers and Building Networks &#8211; will be held at <\/span><span class=\"ds26\">Forschungszentrum J\u00fclich (FZJ) in Germany<\/span><\/span><span class=\"ds3\"><span class=\"ds26\">. The FZJ is one of the largest interdisciplinary research centres in Europe and a founding member of the Helmholtz Association.<\/span><\/span><\/p>\n<p style=\"text-align: center;\"><strong><span style=\"color: #df05b0;\">Please note that access to the campus is possible only by providing a valid passport or ID card.<\/span> <\/strong><br><br>Detailed information on how to reach us is available on the <strong><a href=\"https:\/\/www.fz-juelich.de\/en\/about-us\/contact-visitor-information\/how-to-reach-us\" target=\"_blank\" rel=\"noopener\">FZJ Homepage<\/a>.<\/strong><\/p>\n<p>&nbsp;<\/p>\n\n\n<div class=\"wp-block-image\">\n<figure class=\"aligncenter size-large\"><img loading=\"lazy\" decoding=\"async\" width=\"1024\" height=\"320\" src=\"https:\/\/er-c.org\/wp-content\/uploads\/2023\/11\/Luftbild-1024x320.jpg\" alt=\"\" class=\"wp-image-7639\" srcset=\"https:\/\/er-c.org\/wp-content\/uploads\/2023\/11\/Luftbild-1024x320.jpg 1024w, https:\/\/er-c.org\/wp-content\/uploads\/2023\/11\/Luftbild-300x94.jpg 300w, https:\/\/er-c.org\/wp-content\/uploads\/2023\/11\/Luftbild-768x240.jpg 768w, https:\/\/er-c.org\/wp-content\/uploads\/2023\/11\/Luftbild-1536x480.jpg 1536w, https:\/\/er-c.org\/wp-content\/uploads\/2023\/11\/Luftbild.jpg 1600w\" sizes=\"auto, (max-width: 1024px) 100vw, 1024px\" \/><\/figure>\n<\/div>\n\n\n<div style=\"height:50px\" aria-hidden=\"true\" class=\"wp-block-spacer\"><\/div>\n\n\n<div\n\t\t\t\n\t\t\tclass=\"so-widget-sow-headline so-widget-sow-headline-default-1ac68460ab68\"\n\t\t\t\n\t\t><div class=\"sow-headline-container \">\n\t\t\t\t\t\t\t<h1 class=\"sow-headline\">\n\t\t\t\t\t\tTravel Information\t\t\t\t\t\t<\/h1>\n\t\t\t\t\t\t<\/div>\n<\/div>\t\t\t\t<style type=\"text\/css\">.so-widget-sow-headline-default-1ac68460ab68 .sow-headline-container h1.sow-headline {\n  \n  text-align: center;\n  \n  line-height: 1.4em;\n  \n  \n  \n}\n@media (max-width: 780px) {\n  .so-widget-sow-headline-default-1ac68460ab68 .sow-headline-container h1.sow-headline {\n    text-align: center;\n  }\n}\n.so-widget-sow-headline-default-1ac68460ab68 .sow-headline-container h3.sow-sub-headline {\n  \n  text-align: center;\n  \n  line-height: 1.4em;\n  \n  \n  \n}\n@media (max-width: 780px) {\n  .so-widget-sow-headline-default-1ac68460ab68 .sow-headline-container h3.sow-sub-headline {\n    text-align: center;\n  }\n}\n.so-widget-sow-headline-default-1ac68460ab68 .sow-headline-container .decoration {\n  line-height: 0em;\n  text-align: center;\n  margin-top: 20px;\n  margin-bottom: 20px;\n}\n@media (max-width: 780px) {\n  .so-widget-sow-headline-default-1ac68460ab68 .sow-headline-container .decoration {\n    text-align: center;\n  }\n}\n.so-widget-sow-headline-default-1ac68460ab68 .sow-headline-container .decoration .decoration-inside {\n  height: 1px;\n  display: inline-block;\n  border-top: 2px none #eeeeee;\n  width: 100%;\n  max-width: 80%;\n}\n.so-widget-sow-headline-default-1ac68460ab68 .sow-headline-container *:first-child {\n  margin-top: 0 !important;\n}\n.so-widget-sow-headline-default-1ac68460ab68 .sow-headline-container *:last-child {\n  margin-bottom: 0 !important;\n}<\/style>\n\t\t\t\t\n\n\n<p style=\"text-align: center;\">J\u00fclich is situated in the triangle between Cologne, D\u00fcsseldorf and Aachen. If you travel by plane, D\u00fcsseldorf airport is usually the most convenient choice. From the railway station at the airport, we recommend to continue to D\u00fcren main station by train. Some trains go directly to D\u00fcren whereas other connections involve a change at Cologne main station. From D\u00fcren main station you can continue by bus to reach your hotel.<\/p>\n<p style=\"text-align: center;\"><span style=\"color: #df05b0;\"><strong>For our invited guests we have reserved rooms at the Hotel \u201c<a style=\"color: #df05b0;\" href=\"https:\/\/www.rotes-einhorn-dueren.de\/en\/\" target=\"_blank\" rel=\"noopener\">Rotes Einhorn<\/a>\u201d in D\u00fcren.<\/strong><\/span><\/p>\n<p style=\"text-align: center;\"><span style=\"color: #df05b0;\"><strong>For all other participants we recommend booking the \u201c<a style=\"color: #df05b0;\" href=\"https:\/\/www.hotel-bb.com\/en\/hotel\/dueren\" target=\"_blank\" rel=\"noopener\">B&amp;B Hotel D\u00fcren<\/a>\u201c. <br \/>Please use the <span style=\"color: #000000;\">keyword &#8220;WEM2025&#8221;<\/span> when <span style=\"color: #df05b0;\">booking<\/span> your room!<br \/><\/strong><\/span><\/p>\n<p style=\"text-align: center;\">As traveling to J\u00fclich is inconvenient, we will organize a shuttle bus that will pick you up either at the B&amp;B or the Rotes Einhorn on Wednesday, Thursday and Friday morning. Wednesday and Thursday evening, the bus will bring you back to these two hotels. On Friday afternoon, the bus will drop you off at D\u00fcren main station.<\/p>\n<p style=\"text-align: center;\">In case you arrive individually, you can use our <a href=\"https:\/\/www.site.guide\/SiteGuide\/?c=62537a625167376f335775494c656a4b6772577261413d3d&amp;mode=desktop&amp;tagbundle=567&amp;focus_tag=33381\" target=\"_blank\" rel=\"noopener\">interactive site map<\/a> to navigate on our campus. The event will be held in <strong><span style=\"color: #df05b0;\">building 05.13<\/span><\/strong>.<\/p>\n<p style=\"text-align: center;\">If you travel by car, you can enter the campus through the main gate at \u201cWilhlem-Johnen-Stra\u00dfe\u201d. Follow the route indicated in the image below to reach building 05.13 where the event will be held. Parking is available on campus free of charge, but capacity is limited.<\/p>\n<p style=\"text-align: center;\">In case you plan to travel by taxi, please note that <span style=\"color: #df05b0;\"><strong>taxis are not allowed on campus<\/strong><\/span>. Hence, you will need to exit \/ enter your taxi at the main gate and walk to the venue. Walking distance is ca. 10-15 min.<\/p>\n<p style=\"text-align: center;\"><img loading=\"lazy\" decoding=\"async\" class=\"aligncenter wp-image-15761 size-full\" src=\"https:\/\/er-c.org\/wp-content\/uploads\/2025\/10\/Site-Overview-scaled.png\" alt=\"\" width=\"2560\" height=\"1311\" srcset=\"https:\/\/er-c.org\/wp-content\/uploads\/2025\/10\/Site-Overview-scaled.png 2560w, https:\/\/er-c.org\/wp-content\/uploads\/2025\/10\/Site-Overview-300x154.png 300w, https:\/\/er-c.org\/wp-content\/uploads\/2025\/10\/Site-Overview-1024x524.png 1024w, https:\/\/er-c.org\/wp-content\/uploads\/2025\/10\/Site-Overview-768x393.png 768w, https:\/\/er-c.org\/wp-content\/uploads\/2025\/10\/Site-Overview-1536x787.png 1536w, https:\/\/er-c.org\/wp-content\/uploads\/2025\/10\/Site-Overview-2048x1049.png 2048w\" sizes=\"auto, (max-width: 2560px) 100vw, 2560px\" \/><\/p>\n<p style=\"text-align: center;\">In case you plan to travel by bus: the\u00a0<strong>SB 20<\/strong>,\u00a0<strong>SB 35<\/strong>\u00a0and the\u00a0<strong>220<\/strong>\u00a0bus lines connect Forschungszentrum J\u00fclich to the local public transport system. Timetables are available here: <br \/><a href=\"https:\/\/avv.de\/de\/linienfahrplaene\">Linienfahrpl\u00e4ne &#8211; AVV<\/a><br \/>The closest Stop is \u201cFZJ Strahlenschutz\u201d (5 min walking distance), see below (blue dot is the venue, red dot is the bus stop).<\/p>\n<p><img loading=\"lazy\" decoding=\"async\" class=\"aligncenter wp-image-15763 size-medium\" src=\"https:\/\/er-c.org\/wp-content\/uploads\/2025\/10\/Bus-Stop-300x269.png\" alt=\"\" width=\"300\" height=\"269\" srcset=\"https:\/\/er-c.org\/wp-content\/uploads\/2025\/10\/Bus-Stop-300x269.png 300w, https:\/\/er-c.org\/wp-content\/uploads\/2025\/10\/Bus-Stop.png 757w\" sizes=\"auto, (max-width: 300px) 100vw, 300px\" \/><\/p>\n<h3 style=\"text-align: center;\">RMS Travel Funds<\/h3>\n<p style=\"text-align: center;\">If you are an early career researcher (max. 12 years of graduating), or are employed in a support role in microscopy or cytometry and have been a member of the Royal Microscopical Society for more than twelve months you can apply for financial travel support by the RMS society once your poster abstract involving microscopy was accepted through this <a href=\"https:\/\/www.rms.org.uk\/membership\/bursaries\/rms-standard-travel-bursaries.html\" target=\"_blank\" rel=\"noopener\"><strong><span style=\"text-decoration: underline;\"><span style=\"color: #0000ff; text-decoration: underline;\">application form<\/span><\/span><\/strong>.<\/a><\/p>\n<p>\u00a0<\/p>\n<h3 style=\"text-align: center;\"><strong>Travel advice<\/strong><\/h3>\n<p style=\"text-align: center;\">Day of arrival: On Wednesday, the shuttle will pick you up at Rotes Einhorn \/ B&amp;B before noon but hotel check-in is only possible from 3 PM. Hence, we highly recommend arriving one day early, i.e. on October 7th already.<\/p>\n<p style=\"text-align: center;\">Day of departure: If you plan to travel back on Friday, please make sure to check-out of your hotel in the morning before taking the shuttle to the venue and take all your luggage with you. On Friday afternoon the shuttle will bring you to D\u00fcren main station from where you can continue your trip.<\/p>\n\n\n\n<hr>\n<\/div>\n<\/div>\n\n\n<div style=\"height:300pxpx;\" class=\"wp-block-themeisle-blocks-leaflet-map\" id=\"wp-block-themeisle-blocks-leaflet-map-61872805\"><\/div>\n<script type=\"text\/javascript\">\n\t\/* <![CDATA[ *\/\n\t\tif ( ! window.themeisleLeafletMaps ) window.themeisleLeafletMaps =[];\n\t\twindow.themeisleLeafletMaps.push( { container: \"wp-block-themeisle-blocks-leaflet-map-61872805\", attributes: {\"id\":\"wp-block-themeisle-blocks-leaflet-map-61872805\",\"location\":\"Forschungszentrum J\\u00fclich\",\"latitude\":\"51.01893827029199\",\"longitude\":\"6.800537109375001\",\"bbox\":\"5.646972656250001,50.75904732375726,7.954101562500001,51.277380592622485\",\"zoom\":9,\"height\":\"300px\",\"markers\":[{\"id\":\"11375d3f-5752-4969-9baf-913019905d5f\",\"latitude\":50.90802585409309,\"longitude\":6.414749622344972,\"title\":\"ER-C\",\"description\":\"\",\"location\":\"Forschungszentrum J\\u00fclich\"}],\"zoomControl\":true,\"draggable\":true,\"extended_widget_opts_block\":{},\"extended_widget_opts\":{},\"extended_widget_opts_state\":\"\",\"extended_widget_opts_clientid\":\"\",\"dateUpdated\":\"\",\"hasCustomCSS\":false,\"customCSS\":\"\",\"otterConditions\":[]} } );\n\t\/* ]]> *\/\n<\/script>\n","protected":false},"excerpt":{"rendered":"<p>Here you will find information about how to reach us and the support we offer in order to ease your trip. <\/p>\n","protected":false},"author":2,"featured_media":8456,"parent":9433,"menu_order":0,"comment_status":"closed","ping_status":"closed","template":"page-templates\/pagebuilder.php","meta":{"_themeisle_gutenberg_block_has_review":false,"footnotes":""},"class_list":["post-9525","page","type-page","status-publish","has-post-thumbnail","hentry"],"_links":{"self":[{"href":"https:\/\/er-c.org\/index.php\/wp-json\/wp\/v2\/pages\/9525","targetHints":{"allow":["GET"]}}],"collection":[{"href":"https:\/\/er-c.org\/index.php\/wp-json\/wp\/v2\/pages"}],"about":[{"href":"https:\/\/er-c.org\/index.php\/wp-json\/wp\/v2\/types\/page"}],"author":[{"embeddable":true,"href":"https:\/\/er-c.org\/index.php\/wp-json\/wp\/v2\/users\/2"}],"replies":[{"embeddable":true,"href":"https:\/\/er-c.org\/index.php\/wp-json\/wp\/v2\/comments?post=9525"}],"version-history":[{"count":31,"href":"https:\/\/er-c.org\/index.php\/wp-json\/wp\/v2\/pages\/9525\/revisions"}],"predecessor-version":[{"id":17581,"href":"https:\/\/er-c.org\/index.php\/wp-json\/wp\/v2\/pages\/9525\/revisions\/17581"}],"up":[{"embeddable":true,"href":"https:\/\/er-c.org\/index.php\/wp-json\/wp\/v2\/pages\/9433"}],"wp:featuredmedia":[{"embeddable":true,"href":"https:\/\/er-c.org\/index.php\/wp-json\/wp\/v2\/media\/8456"}],"wp:attachment":[{"href":"https:\/\/er-c.org\/index.php\/wp-json\/wp\/v2\/media?parent=9525"}],"curies":[{"name":"wp","href":"https:\/\/api.w.org\/{rel}","templated":true}]}}