{"id":9006,"date":"2024-05-21T11:30:14","date_gmt":"2024-05-21T11:30:14","guid":{"rendered":"https:\/\/er-c.org\/?page_id=9006"},"modified":"2024-10-22T11:26:48","modified_gmt":"2024-10-22T11:26:48","slug":"euroschool_program","status":"publish","type":"page","link":"https:\/\/er-c.org\/index.php\/conferences\/euroschool\/euroschool_program\/","title":{"rendered":"Euroschool Program"},"content":{"rendered":"\n<div style=\"height:40px\" aria-hidden=\"true\" class=\"wp-block-spacer\"><\/div>\n\n\n<div\n\t\t\t\n\t\t\tclass=\"so-widget-sow-headline so-widget-sow-headline-default-feea9c97c678\"\n\t\t\t\n\t\t><div class=\"sow-headline-container \">\n\t\t\t\t\t\t\t<h1 class=\"sow-headline\">\n\t\t\t\t\t\tProgram\t\t\t\t\t\t<\/h1>\n\t\t\t\t\t\t\t\t\t\t\t<div class=\"decoration\">\n\t\t\t\t\t\t<div class=\"decoration-inside\"><\/div>\n\t\t\t\t\t<\/div>\n\t\t\t\t\t\t\t\t\t\t\t<h3 class=\"sow-sub-headline\">\n\t\t\t\t\t\tTopic: Advanced Synthesis and Characterization\t\t\t\t\t\t<\/h3>\n\t\t\t\t\t\t<\/div>\n<\/div>\n\n\n<p>&nbsp;<\/p>\n<p>&nbsp;<\/p>\n<p style=\"text-align: center;\"><strong>Location:<\/strong><\/p>\n<p style=\"text-align: center;\">Ernst Ruska-Centre, Forschungszentrum J\u00fclich, Wilhelm-Johnen-Stra\u00dfe, 52428 J\u00fclich, Germany<\/p>\n<p>&nbsp;<\/p>\n<p style=\"text-align: center;\"><strong>Abstract:<br><\/strong><\/p>\n<p style=\"text-align: center;\">The Euroschool will focus on intermetallic compounds, advanced synthesis and characterisation techniques. The topics include: Microstructural characterization using analytical and high-resolution transmission electron microscopy. Electron energy loss spectroscopy and EDX. Advanced in-situ techniques. XRD and XPS. Electrical, magnetic and thermal characterization of materials. Preparation of bulk intermetallic phases. Single-crystal growth techniques. Nanoparticle growth techniques.<\/p>\n\n\n\n<div style=\"height:50px\" aria-hidden=\"true\" class=\"wp-block-spacer\"><\/div>\n\n\n\n<div class=\"wp-block-buttons is-content-justification-center is-layout-flex wp-container-core-buttons-is-layout-16018d1d wp-block-buttons-is-layout-flex\">\n<div class=\"wp-block-button\"><a class=\"wp-block-button__link has-white-color has-text-color has-background has-link-color has-text-align-center wp-element-button\" href=\"https:\/\/er-c.org\/wp-content\/uploads\/2024\/10\/Euroschool-Programme3.pdf\" style=\"background-color:#023d6b\">Download Program<\/a><\/div>\n<\/div>\n\n\n\n<div style=\"height:50px\" aria-hidden=\"true\" class=\"wp-block-spacer\"><\/div>\n\n\n<div class=\"wp-block-image\">\n<figure class=\"aligncenter size-full is-resized\"><img loading=\"lazy\" decoding=\"async\" width=\"1524\" height=\"621\" src=\"https:\/\/er-c.org\/wp-content\/uploads\/2024\/07\/programme-2.png\" alt=\"\" class=\"wp-image-9352\" style=\"width:1000px\" srcset=\"https:\/\/er-c.org\/wp-content\/uploads\/2024\/07\/programme-2.png 1524w, https:\/\/er-c.org\/wp-content\/uploads\/2024\/07\/programme-2-300x122.png 300w, https:\/\/er-c.org\/wp-content\/uploads\/2024\/07\/programme-2-1024x417.png 1024w, https:\/\/er-c.org\/wp-content\/uploads\/2024\/07\/programme-2-768x313.png 768w\" sizes=\"auto, (max-width: 1524px) 100vw, 1524px\" \/><\/figure>\n<\/div>\n\n\n<div style=\"height:10px\" aria-hidden=\"true\" class=\"wp-block-spacer\"><\/div>\n\n\n\n<h2 style=\"text-align: center;\">Confirmed Lecturers:<\/h2>\n<p style=\"text-align: center;\">Prof. Marc Armbr\u00fcster (TU Chemnitz)<br \/>Prof. Joachim Mayer (RWTH Aachen)<br \/>Prof. Janez Dolinsek (Institut Jo\u017eef Stefan)<br \/>Prof. Emilie Gaudry (Univ. Lorraine)<br \/>Dr. Astrid Besmehn (Forschungszentrum J\u00fclich)<br \/>Dr. Michael Feuerbacher (Forschungszentrum J\u00fclich)<br \/>Dr. Paul Paciok (Forschungszentrum J\u00fclich)<br \/>Dr. Marc Heggen (Forschungszentrum J\u00fclich)<\/p>\n\n\n\n<div style=\"height:25px\" aria-hidden=\"true\" class=\"wp-block-spacer\"><\/div>\n","protected":false},"excerpt":{"rendered":"<p>program<\/p>\n","protected":false},"author":2,"featured_media":7934,"parent":8992,"menu_order":0,"comment_status":"closed","ping_status":"closed","template":"page-templates\/pagebuilder.php","meta":{"_themeisle_gutenberg_block_has_review":false,"footnotes":""},"class_list":["post-9006","page","type-page","status-publish","has-post-thumbnail","hentry"],"_links":{"self":[{"href":"https:\/\/er-c.org\/index.php\/wp-json\/wp\/v2\/pages\/9006","targetHints":{"allow":["GET"]}}],"collection":[{"href":"https:\/\/er-c.org\/index.php\/wp-json\/wp\/v2\/pages"}],"about":[{"href":"https:\/\/er-c.org\/index.php\/wp-json\/wp\/v2\/types\/page"}],"author":[{"embeddable":true,"href":"https:\/\/er-c.org\/index.php\/wp-json\/wp\/v2\/users\/2"}],"replies":[{"embeddable":true,"href":"https:\/\/er-c.org\/index.php\/wp-json\/wp\/v2\/comments?post=9006"}],"version-history":[{"count":12,"href":"https:\/\/er-c.org\/index.php\/wp-json\/wp\/v2\/pages\/9006\/revisions"}],"predecessor-version":[{"id":9478,"href":"https:\/\/er-c.org\/index.php\/wp-json\/wp\/v2\/pages\/9006\/revisions\/9478"}],"up":[{"embeddable":true,"href":"https:\/\/er-c.org\/index.php\/wp-json\/wp\/v2\/pages\/8992"}],"wp:featuredmedia":[{"embeddable":true,"href":"https:\/\/er-c.org\/index.php\/wp-json\/wp\/v2\/media\/7934"}],"wp:attachment":[{"href":"https:\/\/er-c.org\/index.php\/wp-json\/wp\/v2\/media?parent=9006"}],"curies":[{"name":"wp","href":"https:\/\/api.w.org\/{rel}","templated":true}]}}