{"id":8992,"date":"2024-05-21T11:08:34","date_gmt":"2024-05-21T11:08:34","guid":{"rendered":"https:\/\/er-c.org\/?page_id=8992"},"modified":"2025-01-06T11:38:08","modified_gmt":"2025-01-06T11:38:08","slug":"euroschool","status":"publish","type":"page","link":"https:\/\/er-c.org\/index.php\/conferences\/euroschool\/","title":{"rendered":"Euroschool"},"content":{"rendered":"\n<div style=\"height:20px\" aria-hidden=\"true\" class=\"wp-block-spacer\"><\/div>\n\n\n<div\n\t\t\t\n\t\t\tclass=\"so-widget-sow-headline so-widget-sow-headline-default-1ac68460ab68\"\n\t\t\t\n\t\t><div class=\"sow-headline-container \">\n\t\t\t\t\t\t\t<h1 class=\"sow-headline\">\n\t\t\t\t\t\tECMetAC Euroschool 2024\t\t\t\t\t\t<\/h1>\n\t\t\t\t\t\t\t\t\t\t\t\t<h3 class=\"sow-sub-headline\">\n\t\t\t\t\t\tTopic: Advanced Synthesis and Characterization\t\t\t\t\t\t<\/h3>\n\t\t\t\t\t\t<\/div>\n<\/div>\n\n\n<hr>\n<p style=\"text-align: center;\"><strong>Location:<\/strong> <br>Ernst Ruska-Centre<br>Forschungszentrum J\u00fclich<br>Wilhelm-Johnen-Stra\u00dfe<br>52428 J\u00fclich<br>Germany<\/p>\n<p style=\"text-align: center;\"><strong>Date:<\/strong><br>November 4th &#8211; 8th, 2024<\/p>\n<p style=\"text-align: center;\"><strong>Organizer:<br><\/strong>Dr. Marc Heggen (Forschungszentrum J\u00fclich)<br>Prof. Marc Armbr\u00fcster (TU Chemnitz)<br>Marie G\u00f6cking (Forschungszentrum J\u00fclich)<\/p>\n<p style=\"text-align: center;\"><strong>Summary:<br><\/strong>The ECMetAc Euroschool strives to provide a lecture-style background to young scientists, PhD students and graduate students in the field of materials, in particular the physics of new and complex metallic alloys and compounds.<br>The Euroschool will focus on intermetallic compounds and advanced synthesis techniques including bulk and single crystal growth as well as nanoparticle synthesis. Furthermore, cutting-edge characterization techniques including for instance electron microscopy (TEM, HR-TEM, STEM, SEM, EDX, EELS), advanced in-situ techniques, XRD, XPS will be covered. The lectures will be complemented by step-by-step tutorials, lab exercise and lab tours.<br>Poster session: Please feel free to present your research during our poster session. Poster size A0, upright format. A prize for best poster will be awarded.<\/p>\n<p style=\"text-align: center;\"><strong><span style=\"color: #ff0000;\">Registration CLOSED<\/span><br><\/strong><\/p>\n<hr>\n\n\n\n<div id=\"wp-block-themeisle-blocks-advanced-columns-55b78b58\" class=\"wp-block-themeisle-blocks-advanced-columns alignfull has-1-columns has-desktop-twoOne-layout has-tablet-equal-layout has-mobile-collapsedRows-layout has-vertical-top ticss-c00aadba\"><div class=\"wp-block-themeisle-blocks-advanced-columns-overlay\"><\/div><div class=\"innerblocks-wrap\">\n<div id=\"wp-block-themeisle-blocks-advanced-column-4c6ed671\" class=\"wp-block-themeisle-blocks-advanced-column\"><div class=\"wp-block-image\">\n<figure class=\"aligncenter size-medium\"><a href=\"https:\/\/www.ecmetac.eu\/\" target=\"_blank\" rel=\"noreferrer noopener\"><img loading=\"lazy\" decoding=\"async\" width=\"300\" height=\"154\" src=\"https:\/\/er-c.org\/wp-content\/uploads\/2024\/07\/ecmetac-logo-300x154.jpg\" alt=\"\" class=\"wp-image-9323\" srcset=\"https:\/\/er-c.org\/wp-content\/uploads\/2024\/07\/ecmetac-logo-300x154.jpg 300w, https:\/\/er-c.org\/wp-content\/uploads\/2024\/07\/ecmetac-logo-1024x526.jpg 1024w, https:\/\/er-c.org\/wp-content\/uploads\/2024\/07\/ecmetac-logo-768x395.jpg 768w, https:\/\/er-c.org\/wp-content\/uploads\/2024\/07\/ecmetac-logo.jpg 1045w\" sizes=\"auto, (max-width: 300px) 100vw, 300px\" \/><\/a><\/figure>\n<\/div><\/div>\n<\/div><\/div>\n\n\n\n<div id=\"wp-block-themeisle-blocks-advanced-columns-646f9f1b\" class=\"wp-block-themeisle-blocks-advanced-columns alignfull has-1-columns has-desktop-equal-layout has-tablet-equal-layout has-mobile-equal-layout has-vertical-top ticss-c00aadba\"><div class=\"wp-block-themeisle-blocks-advanced-columns-overlay\"><\/div><div class=\"innerblocks-wrap\">\n<div id=\"wp-block-themeisle-blocks-advanced-column-75d01818\" class=\"wp-block-themeisle-blocks-advanced-column\"><div class=\"wp-block-image\">\n<figure class=\"aligncenter is-resized\"><a href=\"https:\/\/er-c.org\/index.php\/conferences\/euroschool\/euroschool_registration\/\"><img loading=\"lazy\" decoding=\"async\" width=\"1024\" height=\"340\" src=\"https:\/\/er-c.org\/wp-content\/uploads\/2023\/11\/closeup-business-woman-making-notes-document-1-1024x340.jpg\" alt=\"\" class=\"wp-image-7580\" style=\"width:1200px\" srcset=\"https:\/\/er-c.org\/wp-content\/uploads\/2023\/11\/closeup-business-woman-making-notes-document-1-1024x340.jpg 1024w, https:\/\/er-c.org\/wp-content\/uploads\/2023\/11\/closeup-business-woman-making-notes-document-1-300x100.jpg 300w, https:\/\/er-c.org\/wp-content\/uploads\/2023\/11\/closeup-business-woman-making-notes-document-1-768x255.jpg 768w, https:\/\/er-c.org\/wp-content\/uploads\/2023\/11\/closeup-business-woman-making-notes-document-1-1536x511.jpg 1536w, https:\/\/er-c.org\/wp-content\/uploads\/2023\/11\/closeup-business-woman-making-notes-document-1-2048x681.jpg 2048w\" sizes=\"auto, (max-width: 1024px) 100vw, 1024px\" \/><\/a><\/figure>\n<\/div>\n\n\n<div id=\"wp-block-themeisle-blocks-button-group-8628e9be\" class=\"wp-block-themeisle-blocks-button-group wp-block-buttons align-center-desktop\">\n<div id=\"wp-block-themeisle-blocks-button-7f817def\" class=\"wp-block-themeisle-blocks-button wp-block-button\"><a href=\"https:\/\/er-c.org\/index.php\/conferences\/euroschool\/euroschool_registration\/\" target=\"_self\" rel=\"noopener noreferrer\" class=\"wp-block-button__link\"><span>Registration<\/span><\/a><\/div>\n<\/div>\n\n\n\n<div style=\"height:10px\" aria-hidden=\"true\" class=\"wp-block-spacer\"><\/div>\n\n\n\n<p class=\"has-text-align-center\">Registration is <strong>CLOSED<\/strong>.<br><\/p>\n<\/div>\n<\/div><\/div>\n\n\n\n<div id=\"wp-block-themeisle-blocks-advanced-columns-bf9b0c79\" class=\"wp-block-themeisle-blocks-advanced-columns alignfull has-2-columns has-desktop-equal-layout has-tablet-equal-layout has-mobile-collapsedRows-layout has-vertical-top ticss-c00aadba\"><div class=\"wp-block-themeisle-blocks-advanced-columns-overlay\"><\/div><div class=\"innerblocks-wrap\">\n<div id=\"wp-block-themeisle-blocks-advanced-column-5d8b2a5b\" class=\"wp-block-themeisle-blocks-advanced-column\"><div class=\"wp-block-image\">\n<figure class=\"aligncenter size-large\"><a href=\"https:\/\/er-c.org\/index.php\/conferences\/euroschool\/euroschool_program\/\"><img loading=\"lazy\" decoding=\"async\" width=\"1024\" height=\"1024\" src=\"https:\/\/er-c.org\/wp-content\/uploads\/2024\/01\/flat-lay-desk-calendar-with-monstera-leaf-pencil-box-1024x1024.jpg\" alt=\"\" class=\"wp-image-7934\" srcset=\"https:\/\/er-c.org\/wp-content\/uploads\/2024\/01\/flat-lay-desk-calendar-with-monstera-leaf-pencil-box-1024x1024.jpg 1024w, https:\/\/er-c.org\/wp-content\/uploads\/2024\/01\/flat-lay-desk-calendar-with-monstera-leaf-pencil-box-300x300.jpg 300w, https:\/\/er-c.org\/wp-content\/uploads\/2024\/01\/flat-lay-desk-calendar-with-monstera-leaf-pencil-box-150x150.jpg 150w, https:\/\/er-c.org\/wp-content\/uploads\/2024\/01\/flat-lay-desk-calendar-with-monstera-leaf-pencil-box-768x768.jpg 768w, https:\/\/er-c.org\/wp-content\/uploads\/2024\/01\/flat-lay-desk-calendar-with-monstera-leaf-pencil-box-1536x1536.jpg 1536w, https:\/\/er-c.org\/wp-content\/uploads\/2024\/01\/flat-lay-desk-calendar-with-monstera-leaf-pencil-box-2048x2048.jpg 2048w, https:\/\/er-c.org\/wp-content\/uploads\/2024\/01\/flat-lay-desk-calendar-with-monstera-leaf-pencil-box-375x375.jpg 375w\" sizes=\"auto, (max-width: 1024px) 100vw, 1024px\" \/><\/a><\/figure>\n<\/div>\n\n\n<div id=\"wp-block-themeisle-blocks-button-group-841637bd\" class=\"wp-block-themeisle-blocks-button-group wp-block-buttons align-center-desktop\">\n<div id=\"wp-block-themeisle-blocks-button-2d1aaf37\" class=\"wp-block-themeisle-blocks-button wp-block-button\"><a href=\"https:\/\/er-c.org\/index.php\/conferences\/euroschool\/euroschool_program\/\" target=\"_self\" rel=\"noopener noreferrer\" class=\"wp-block-button__link\"><span>Program<\/span><\/a><\/div>\n<\/div>\n\n\n\n<div style=\"height:10px\" aria-hidden=\"true\" class=\"wp-block-spacer\"><\/div>\n\n\n\n<p class=\"has-text-align-center\">The conference program and information<br>about the speakers can be found <strong><a href=\"https:\/\/er-c.org\/index.php\/conferences\/euroschool\/euroschool_program\/\" data-type=\"page\" data-id=\"9006\">here<\/a>.<\/strong><\/p>\n<\/div>\n\n\n\n<div id=\"wp-block-themeisle-blocks-advanced-column-8db5b61d\" class=\"wp-block-themeisle-blocks-advanced-column\"><div class=\"wp-block-image\">\n<figure class=\"aligncenter size-full\"><a href=\"https:\/\/www.fz-juelich.de\/en\/about-us\/contact-visitor-information\/interactive-site-plan-of-forschungszentrum-julich\" target=\"_blank\" rel=\"noreferrer noopener\"><img loading=\"lazy\" decoding=\"async\" width=\"750\" height=\"750\" src=\"https:\/\/er-c.org\/wp-content\/uploads\/2024\/04\/187529c79c259271.jpg\" alt=\"\" class=\"wp-image-8456\" srcset=\"https:\/\/er-c.org\/wp-content\/uploads\/2024\/04\/187529c79c259271.jpg 750w, https:\/\/er-c.org\/wp-content\/uploads\/2024\/04\/187529c79c259271-300x300.jpg 300w, https:\/\/er-c.org\/wp-content\/uploads\/2024\/04\/187529c79c259271-150x150.jpg 150w, https:\/\/er-c.org\/wp-content\/uploads\/2024\/04\/187529c79c259271-375x375.jpg 375w\" sizes=\"auto, (max-width: 750px) 100vw, 750px\" \/><\/a><\/figure>\n<\/div>\n\n\n<div id=\"wp-block-themeisle-blocks-button-group-a7b49e24\" class=\"wp-block-themeisle-blocks-button-group wp-block-buttons align-center-desktop\">\n<div id=\"wp-block-themeisle-blocks-button-ea4b7614\" class=\"wp-block-themeisle-blocks-button wp-block-button\"><a href=\"https:\/\/www.fz-juelich.de\/en\/about-us\/contact-visitor-information\/interactive-site-plan-of-forschungszentrum-julich\" target=\"_blank\" rel=\"noopener noreferrer\" class=\"wp-block-button__link\"><span>Venue<\/span><\/a><\/div>\n<\/div>\n\n\n\n<div style=\"height:10px\" aria-hidden=\"true\" class=\"wp-block-spacer\"><\/div>\n\n\n\n<p class=\"has-text-align-center\">The conference will be held at the<br> <a href=\"https:\/\/www.fz-juelich.de\/en\/about-us\/contact-visitor-information\/interactive-site-plan-of-forschungszentrum-julich\" target=\"_blank\" rel=\"noreferrer noopener\">Forschungszentrum J\u00fclich Campus<\/a>.&nbsp;<\/p>\n<\/div>\n<\/div><\/div>\n\n\n\n<div style=\"height:100px\" aria-hidden=\"true\" class=\"wp-block-spacer\"><\/div>\n\n\n\n<p style=\"text-align: center;\"><strong>The organizers gratefully acknowledge support by the following sponsors:<\/strong><\/p>\n<p>\u00a0<\/p>\n<p><img loading=\"lazy\" decoding=\"async\" class=\"aligncenter size-medium wp-image-9336\" src=\"https:\/\/er-c.org\/wp-content\/uploads\/2024\/07\/Screenshot-2024-07-01-144143-300x172.png\" alt=\"\" width=\"300\" height=\"172\" srcset=\"https:\/\/er-c.org\/wp-content\/uploads\/2024\/07\/Screenshot-2024-07-01-144143-300x172.png 300w, https:\/\/er-c.org\/wp-content\/uploads\/2024\/07\/Screenshot-2024-07-01-144143-1024x587.png 1024w, https:\/\/er-c.org\/wp-content\/uploads\/2024\/07\/Screenshot-2024-07-01-144143-768x440.png 768w, https:\/\/er-c.org\/wp-content\/uploads\/2024\/07\/Screenshot-2024-07-01-144143.png 1096w\" sizes=\"auto, (max-width: 300px) 100vw, 300px\" \/><\/p>\n\n\n\n<div style=\"height:20px\" aria-hidden=\"true\" class=\"wp-block-spacer\"><\/div>\n\n\n\n<div style=\"height:20px\" aria-hidden=\"true\" class=\"wp-block-spacer\"><\/div>\n","protected":false},"excerpt":{"rendered":"<p>ECMetAc Euroschool 2024<\/p>\n","protected":false},"author":2,"featured_media":8210,"parent":173,"menu_order":0,"comment_status":"closed","ping_status":"closed","template":"page-templates\/pagebuilder.php","meta":{"_themeisle_gutenberg_block_has_review":false,"footnotes":""},"class_list":["post-8992","page","type-page","status-publish","has-post-thumbnail","hentry"],"_links":{"self":[{"href":"https:\/\/er-c.org\/index.php\/wp-json\/wp\/v2\/pages\/8992","targetHints":{"allow":["GET"]}}],"collection":[{"href":"https:\/\/er-c.org\/index.php\/wp-json\/wp\/v2\/pages"}],"about":[{"href":"https:\/\/er-c.org\/index.php\/wp-json\/wp\/v2\/types\/page"}],"author":[{"embeddable":true,"href":"https:\/\/er-c.org\/index.php\/wp-json\/wp\/v2\/users\/2"}],"replies":[{"embeddable":true,"href":"https:\/\/er-c.org\/index.php\/wp-json\/wp\/v2\/comments?post=8992"}],"version-history":[{"count":38,"href":"https:\/\/er-c.org\/index.php\/wp-json\/wp\/v2\/pages\/8992\/revisions"}],"predecessor-version":[{"id":9579,"href":"https:\/\/er-c.org\/index.php\/wp-json\/wp\/v2\/pages\/8992\/revisions\/9579"}],"up":[{"embeddable":true,"href":"https:\/\/er-c.org\/index.php\/wp-json\/wp\/v2\/pages\/173"}],"wp:featuredmedia":[{"embeddable":true,"href":"https:\/\/er-c.org\/index.php\/wp-json\/wp\/v2\/media\/8210"}],"wp:attachment":[{"href":"https:\/\/er-c.org\/index.php\/wp-json\/wp\/v2\/media?parent=8992"}],"curies":[{"name":"wp","href":"https:\/\/api.w.org\/{rel}","templated":true}]}}