{"id":6281,"date":"2023-04-17T11:01:25","date_gmt":"2023-04-17T11:01:25","guid":{"rendered":"https:\/\/er-c.org\/?page_id=6281"},"modified":"2023-10-05T11:04:17","modified_gmt":"2023-10-05T11:04:17","slug":"ultrastructural-em-applications","status":"publish","type":"page","link":"https:\/\/er-c.org\/index.php\/facilities-2\/life-science\/ultrastructural-electron-microscopy-facility\/ultrastructural-em-applications\/","title":{"rendered":"Ultrastructural-EM Applications"},"content":{"rendered":"\n<figure class=\"wp-block-image size-large is-resized\"><img decoding=\"async\" src=\"https:\/\/er-c.org\/wp-content\/uploads\/2023\/04\/ultrastructural-1024x196.png\" alt=\"\" class=\"wp-image-6286\" style=\"width:1200px\" width=\"1200\" srcset=\"https:\/\/er-c.org\/wp-content\/uploads\/2023\/04\/ultrastructural-1024x196.png 1024w, https:\/\/er-c.org\/wp-content\/uploads\/2023\/04\/ultrastructural-300x57.png 300w, https:\/\/er-c.org\/wp-content\/uploads\/2023\/04\/ultrastructural-768x147.png 768w, https:\/\/er-c.org\/wp-content\/uploads\/2023\/04\/ultrastructural-1536x294.png 1536w, https:\/\/er-c.org\/wp-content\/uploads\/2023\/04\/ultrastructural-2048x392.png 2048w\" sizes=\"(max-width: 1024px) 100vw, 1024px\" \/><\/figure>\n\n\n\n<div style=\"height:20px\" aria-hidden=\"true\" class=\"wp-block-spacer\"><\/div>\n\n\n<div\n\t\t\t\n\t\t\tclass=\"so-widget-sow-headline so-widget-sow-headline-default-e68cdc7fd8ad\"\n\t\t\t\n\t\t><div class=\"sow-headline-container \">\n\t\t\t\t\t\t\t<h1 class=\"sow-headline\">\n\t\t\t\t\t\tUltrastructural EM applications\t\t\t\t\t\t<\/h1>\n\t\t\t\t\t\t<\/div>\n<\/div>\n\n\n<hr>\n<p style=\"text-align: center;\">The ER-C Ultrastructural EM user facility is offering <a href=\"https:\/\/er-c.org\/index.php\/facilities-2\/life-science\/ultrastructural-electron-microscopy-facility\/ultrastructural-em-instrumentation\/\"><strong><u>technical and scientific support<\/u><\/strong><\/a> to our academic and industrial users in EM methodologies. We provide access to life science research approaches complementing our high-resolution <a href=\"https:\/\/er-c.org\/index.php\/facilities-2\/life-science\/cryo-electron-microscopy-facility\/\"><strong><u>Cryo-EM<\/u><\/strong><strong><u> facility<\/u><\/strong><\/a> at the Ernst Ruska-Centre, Forschungszentrum J\u00fclich.<\/p>\n\n\n<div\n\t\t\t\n\t\t\tclass=\"so-widget-sow-button so-widget-sow-button-flat-c19dffc057c8\"\n\t\t\t\n\t\t><div class=\"ow-button-base ow-button-align-center\"\n>\n\t\t\t<a\n\t\t\t\t\thref=\"https:\/\/er-c.org\/index.php\/facilities-2\/life-science\/ultrastructural-electron-microscopy-facility#team\"\n\t\t\t\t\tclass=\"sowb-button ow-icon-placement-left ow-button-hover\" \t>\n\t\t<span>\n\t\t\t\n\t\t\tContact us\t\t<\/span>\n\t\t\t<\/a>\n\t<\/div>\n<\/div>\n\n\n<hr>\n\n\n\n<div style=\"height:20px\" aria-hidden=\"true\" class=\"wp-block-spacer\"><\/div>\n\n\n<div id=\"pl-gb6281-69d3d1c5ab293\"  class=\"panel-layout\" ><div id=\"pg-gb6281-69d3d1c5ab293-0\"  class=\"panel-grid panel-has-style\" ><div class=\"panel-row-style panel-row-style-for-gb6281-69d3d1c5ab293-0\" ><div id=\"pgc-gb6281-69d3d1c5ab293-0-0\"  class=\"panel-grid-cell\" ><div id=\"panel-gb6281-69d3d1c5ab293-0-0-0\" class=\"so-panel widget widget_sow-image panel-first-child widgetopts-SO\" data-index=\"0\" ><div\n\t\t\t\n\t\t\tclass=\"so-widget-sow-image so-widget-sow-image-default-113ccd71f3e6-6281\"\n\t\t\t\n\t\t>\n<div class=\"sow-image-container\">\n\t\t\t<a href=\"https:\/\/er-c.org\/index.php\/facilities-2\/life-science\/ultrastructural-electron-microscopy-facility\/ultrastructural-em-applications\/ultrastructural-em-tissue-embedding\/\"\n\t\t\t\t\t>\n\t\t\t<img \n\tsrc=\"https:\/\/er-c.org\/wp-content\/uploads\/2023\/04\/Leica-Ultramikrotom-1-300x225.png\" width=\"300\" height=\"225\" srcset=\"https:\/\/er-c.org\/wp-content\/uploads\/2023\/04\/Leica-Ultramikrotom-1-300x225.png 300w, https:\/\/er-c.org\/wp-content\/uploads\/2023\/04\/Leica-Ultramikrotom-1-1024x768.png 1024w, https:\/\/er-c.org\/wp-content\/uploads\/2023\/04\/Leica-Ultramikrotom-1-768x576.png 768w, https:\/\/er-c.org\/wp-content\/uploads\/2023\/04\/Leica-Ultramikrotom-1.png 1308w\" sizes=\"(max-width: 300px) 100vw, 300px\" title=\"Tissue embedding\" alt=\"\" \t\tclass=\"so-widget-image\"\/>\n\t\t\t<\/a><\/div>\n\n<\/div><\/div><div id=\"panel-gb6281-69d3d1c5ab293-0-0-1\" class=\"so-panel widget widget_sow-editor widgetopts-SO\" data-index=\"1\" ><div class=\"panel-widget-style panel-widget-style-for-gb6281-69d3d1c5ab293-0-0-1\" ><div\n\t\t\t\n\t\t\tclass=\"so-widget-sow-editor so-widget-sow-editor-base\"\n\t\t\t\n\t\t>\n<div class=\"siteorigin-widget-tinymce textwidget\">\n\t<h2 style=\"text-align: center;\"><a href=\"https:\/\/er-c.org\/index.php\/facilities-2\/life-science\/ultrastructural-electron-microscopy-facility\/ultrastructural-em-applications\/ultrastructural-em-tissue-embedding\/\">Tissue<br \/>\nembedding<\/a><\/h2>\n<\/div>\n<\/div><\/div><\/div><div id=\"panel-gb6281-69d3d1c5ab293-0-0-2\" class=\"so-panel widget widget_sow-button panel-last-child widgetopts-SO\" data-index=\"2\" ><div class=\"panel-widget-style panel-widget-style-for-gb6281-69d3d1c5ab293-0-0-2\" ><div\n\t\t\t\n\t\t\tclass=\"so-widget-sow-button so-widget-sow-button-flat-a7086b7bc98e-6281\"\n\t\t\t\n\t\t><div class=\"ow-button-base ow-button-align-center\"\n>\n\t\t\t<a\n\t\t\t\t\thref=\"https:\/\/er-c.org\/index.php\/facilities-2\/life-science\/ultrastructural-electron-microscopy-facility\/ultrastructural-em-applications\/ultrastructural-em-tissue-embedding\/\"\n\t\t\t\t\tclass=\"sowb-button ow-icon-placement-left ow-button-hover\" \t>\n\t\t<span>\n\t\t\t\n\t\t\tRead more\t\t<\/span>\n\t\t\t<\/a>\n\t<\/div>\n<\/div><\/div><\/div><\/div><div id=\"pgc-gb6281-69d3d1c5ab293-0-1\"  class=\"panel-grid-cell\" ><div id=\"panel-gb6281-69d3d1c5ab293-0-1-0\" class=\"so-panel widget widget_sow-image panel-first-child widgetopts-SO\" data-index=\"3\" ><div\n\t\t\t\n\t\t\tclass=\"so-widget-sow-image so-widget-sow-image-default-113ccd71f3e6-6281\"\n\t\t\t\n\t\t>\n<div class=\"sow-image-container\">\n\t\t\t<a href=\"https:\/\/er-c.org\/index.php\/facilities-2\/life-science\/ultrastructural-electron-microscopy-facility\/ultrastructural-em-applications\/ultrastructural-em-immunohistochemistry\/\"\n\t\t\t\t\t>\n\t\t\t<img \n\tsrc=\"https:\/\/er-c.org\/wp-content\/uploads\/2023\/05\/Immunohistochemistry-neu-1-300x225.png\" width=\"300\" height=\"225\" srcset=\"https:\/\/er-c.org\/wp-content\/uploads\/2023\/05\/Immunohistochemistry-neu-1-300x225.png 300w, https:\/\/er-c.org\/wp-content\/uploads\/2023\/05\/Immunohistochemistry-neu-1-768x576.png 768w, https:\/\/er-c.org\/wp-content\/uploads\/2023\/05\/Immunohistochemistry-neu-1.png 908w\" sizes=\"(max-width: 300px) 100vw, 300px\" title=\"Immunohistochemistry\" alt=\"\" \t\tclass=\"so-widget-image\"\/>\n\t\t\t<\/a><\/div>\n\n<\/div><\/div><div id=\"panel-gb6281-69d3d1c5ab293-0-1-1\" class=\"so-panel widget widget_sow-editor widgetopts-SO\" data-index=\"4\" ><div class=\"panel-widget-style panel-widget-style-for-gb6281-69d3d1c5ab293-0-1-1\" ><div\n\t\t\t\n\t\t\tclass=\"so-widget-sow-editor so-widget-sow-editor-base\"\n\t\t\t\n\t\t>\n<div class=\"siteorigin-widget-tinymce textwidget\">\n\t<h2 style=\"text-align: center;\"><a href=\"https:\/\/er-c.org\/index.php\/facilities-2\/life-science\/ultrastructural-electron-microscopy-facility\/ultrastructural-em-applications\/ultrastructural-em-immunohistochemistry\/\">Immunohisto-<br \/>\nchemistry<\/a><\/h2>\n<\/div>\n<\/div><\/div><\/div><div id=\"panel-gb6281-69d3d1c5ab293-0-1-2\" class=\"so-panel widget widget_sow-button panel-last-child widgetopts-SO\" data-index=\"5\" ><div class=\"panel-widget-style panel-widget-style-for-gb6281-69d3d1c5ab293-0-1-2\" ><div\n\t\t\t\n\t\t\tclass=\"so-widget-sow-button so-widget-sow-button-flat-a7086b7bc98e-6281\"\n\t\t\t\n\t\t><div class=\"ow-button-base ow-button-align-center\"\n>\n\t\t\t<a\n\t\t\t\t\thref=\"https:\/\/er-c.org\/index.php\/facilities-2\/life-science\/ultrastructural-electron-microscopy-facility\/ultrastructural-em-applications\/ultrastructural-em-immunohistochemistry\/\"\n\t\t\t\t\tclass=\"sowb-button ow-icon-placement-left ow-button-hover\" \t>\n\t\t<span>\n\t\t\t\n\t\t\tRead more\t\t<\/span>\n\t\t\t<\/a>\n\t<\/div>\n<\/div><\/div><\/div><\/div><div id=\"pgc-gb6281-69d3d1c5ab293-0-2\"  class=\"panel-grid-cell\" ><div id=\"panel-gb6281-69d3d1c5ab293-0-2-0\" class=\"so-panel widget widget_sow-image panel-first-child widgetopts-SO\" data-index=\"6\" ><div\n\t\t\t\n\t\t\tclass=\"so-widget-sow-image so-widget-sow-image-default-113ccd71f3e6-6281\"\n\t\t\t\n\t\t>\n<div class=\"sow-image-container\">\n\t\t\t<a href=\"https:\/\/er-c.org\/index.php\/facilities-2\/life-science\/ultrastructural-electron-microscopy-facility\/ultrastructural-em-applications\/ultrastructural-em-quantitative-3d-volumetric-analysis\/\"\n\t\t\t\t\t>\n\t\t\t<img \n\tsrc=\"https:\/\/er-c.org\/wp-content\/uploads\/2023\/05\/Quantitative-3D-neu-1-300x225.png\" width=\"300\" height=\"225\" srcset=\"https:\/\/er-c.org\/wp-content\/uploads\/2023\/05\/Quantitative-3D-neu-1-300x225.png 300w, https:\/\/er-c.org\/wp-content\/uploads\/2023\/05\/Quantitative-3D-neu-1-768x575.png 768w, https:\/\/er-c.org\/wp-content\/uploads\/2023\/05\/Quantitative-3D-neu-1.png 953w\" sizes=\"(max-width: 300px) 100vw, 300px\" title=\"Quantitative 3D neu\" alt=\"\" \t\tclass=\"so-widget-image\"\/>\n\t\t\t<\/a><\/div>\n\n<\/div><\/div><div id=\"panel-gb6281-69d3d1c5ab293-0-2-1\" class=\"so-panel widget widget_sow-editor widgetopts-SO\" data-index=\"7\" ><div class=\"panel-widget-style panel-widget-style-for-gb6281-69d3d1c5ab293-0-2-1\" ><div\n\t\t\t\n\t\t\tclass=\"so-widget-sow-editor so-widget-sow-editor-base\"\n\t\t\t\n\t\t>\n<div class=\"siteorigin-widget-tinymce textwidget\">\n\t<h2 style=\"text-align: center;\"><a href=\"https:\/\/er-c.org\/index.php\/facilities-2\/life-science\/ultrastructural-electron-microscopy-facility\/ultrastructural-em-applications\/ultrastructural-em-quantitative-3d-volumetric-analysis\/\">Quantitative 3D<br \/>\nvolumetric analysis<\/a><\/h2>\n<\/div>\n<\/div><\/div><\/div><div id=\"panel-gb6281-69d3d1c5ab293-0-2-2\" class=\"so-panel widget widget_sow-button panel-last-child widgetopts-SO\" data-index=\"8\" ><div class=\"panel-widget-style panel-widget-style-for-gb6281-69d3d1c5ab293-0-2-2\" ><div\n\t\t\t\n\t\t\tclass=\"so-widget-sow-button so-widget-sow-button-flat-a7086b7bc98e-6281\"\n\t\t\t\n\t\t><div class=\"ow-button-base ow-button-align-center\"\n>\n\t\t\t<a\n\t\t\t\t\thref=\"https:\/\/er-c.org\/index.php\/facilities-2\/life-science\/ultrastructural-electron-microscopy-facility\/ultrastructural-em-applications\/ultrastructural-em-quantitative-3d-volumetric-analysis\/\"\n\t\t\t\t\tclass=\"sowb-button ow-icon-placement-left ow-button-hover\" \t>\n\t\t<span>\n\t\t\t\n\t\t\tRead more\t\t<\/span>\n\t\t\t<\/a>\n\t<\/div>\n<\/div><\/div><\/div><\/div><div id=\"pgc-gb6281-69d3d1c5ab293-0-3\"  class=\"panel-grid-cell\" ><div id=\"panel-gb6281-69d3d1c5ab293-0-3-0\" class=\"so-panel widget widget_sow-image panel-first-child widgetopts-SO\" data-index=\"9\" ><div\n\t\t\t\n\t\t\tclass=\"so-widget-sow-image so-widget-sow-image-default-113ccd71f3e6-6281\"\n\t\t\t\n\t\t>\n<div class=\"sow-image-container\">\n\t\t\t<a href=\"https:\/\/er-c.org\/index.php\/facilities-2\/life-science\/ultrastructural-electron-microscopy-facility\/ultrastructural-em-applications\/ultrastructural-em-negative-staining\/\"\n\t\t\t\t\t>\n\t\t\t<img \n\tsrc=\"https:\/\/er-c.org\/wp-content\/uploads\/2023\/05\/Negative-staining-neu-300x225.jpg\" width=\"300\" height=\"225\" srcset=\"https:\/\/er-c.org\/wp-content\/uploads\/2023\/05\/Negative-staining-neu-300x225.jpg 300w, https:\/\/er-c.org\/wp-content\/uploads\/2023\/05\/Negative-staining-neu.jpg 448w\" sizes=\"(max-width: 300px) 100vw, 300px\" title=\"Negative Staining\" alt=\"\" \t\tclass=\"so-widget-image\"\/>\n\t\t\t<\/a><\/div>\n\n<\/div><\/div><div id=\"panel-gb6281-69d3d1c5ab293-0-3-1\" class=\"so-panel widget widget_sow-editor widgetopts-SO\" data-index=\"10\" ><div class=\"panel-widget-style panel-widget-style-for-gb6281-69d3d1c5ab293-0-3-1\" ><div\n\t\t\t\n\t\t\tclass=\"so-widget-sow-editor so-widget-sow-editor-base\"\n\t\t\t\n\t\t>\n<div class=\"siteorigin-widget-tinymce textwidget\">\n\t<h2 style=\"text-align: center;\"><a href=\"https:\/\/er-c.org\/index.php\/facilities-2\/life-science\/ultrastructural-electron-microscopy-facility\/ultrastructural-em-applications\/ultrastructural-em-negative-staining\/\">Negative<br \/>\nstaining<\/a><\/h2>\n<\/div>\n<\/div><\/div><\/div><div id=\"panel-gb6281-69d3d1c5ab293-0-3-2\" class=\"so-panel widget widget_sow-button panel-last-child widgetopts-SO\" data-index=\"11\" ><div class=\"panel-widget-style panel-widget-style-for-gb6281-69d3d1c5ab293-0-3-2\" ><div\n\t\t\t\n\t\t\tclass=\"so-widget-sow-button so-widget-sow-button-flat-a7086b7bc98e-6281\"\n\t\t\t\n\t\t><div class=\"ow-button-base ow-button-align-center\"\n>\n\t\t\t<a\n\t\t\t\t\thref=\"https:\/\/er-c.org\/index.php\/facilities-2\/life-science\/ultrastructural-electron-microscopy-facility\/ultrastructural-em-applications\/ultrastructural-em-negative-staining\/\"\n\t\t\t\t\tclass=\"sowb-button ow-icon-placement-left ow-button-hover\" \t>\n\t\t<span>\n\t\t\t\n\t\t\tRead more\t\t<\/span>\n\t\t\t<\/a>\n\t<\/div>\n<\/div><\/div><\/div><\/div><\/div><\/div><\/div>\n\n\n<div style=\"height:20px\" aria-hidden=\"true\" class=\"wp-block-spacer\"><\/div>\n\n\n\n<h3>Publications<\/h3>\n<table style=\"border-collapse: collapse; width: 100%; height: 371px;\">\n<tbody>\n<tr style=\"height: 93px;\">\n<td style=\"width: 100%; height: 93px;\">Rollenhagen A, Anst\u00f6tz M, Zimmermann K, Kasugai Y, S\u00e4tzler K, Molnar E, Ferraguti F, L\u00fcbke JHR. Layer-specific distribution and expression pattern of AMPA- and NMDA-type glutamate receptors in the barrel field of the adult rat somatosensory cortex: a quantitative electron microscopic analysis. 2022 Cereb Cortex 22:bhac212<\/td>\n<\/tr>\n<tr style=\"height: 93px;\">\n<td style=\"width: 100%; height: 93px;\">Rollenhagen A, Walkenfort B, Yakoubi R, Klauke SA, Schmuhl-Giesen SF, Heinen-Weiler J, Voortmann S, Marshallsay B, Palaz T, Holz U, Hasenberg M, L\u00fcbke JHR. Synaptic Organization of the Human Temporal Lobe Neocortex as Revealed by High-Resolution Transmission, Focused Ion Beam Scanning, and Electron Microscopic Tomography. 2020 Int J Mol Sci. 21(15):5558<\/td>\n<\/tr>\n<tr style=\"height: 70px;\">\n<td style=\"width: 100%; height: 70px;\">Yakoubi R, Rollenhagen A, von Lehe M, Miller D, Walkenfort B, Hasenberg M, S\u00e4tzler K, L\u00fcbke JH. Ultrastructural heterogeneity of layer 4 excitatory synaptic boutons in the adult human temporal lobe neocortex. 2019b Elife. 8:e48373<\/td>\n<\/tr>\n<tr style=\"height: 23px;\">\n<td style=\"width: 100%; height: 23px;\">Rollenhagen A, Ohana O, S\u00e4tzler K, Hilgetag CC, Kuhl D, L\u00fcbke JHR. Structural Properties of Synaptic Transmission and Temporal Dynamics at Excitatory Layer 5B Synapses in the Adult Rat Somatosensory Cortex. 2018 Front Synaptic Neurosci.10:24<\/td>\n<\/tr>\n<tr style=\"height: 23px;\">\n<td style=\"width: 100%; height: 23px;\">Rollenhagen A, S\u00e4tzler K, Rodr\u00edguez EP, Jonas P, Frotscher M, L\u00fcbke JH. Structural determinants of transmission at large hippocampal mossy fiber synapses. 2007 J Neurosci. 27(39):10434-44<\/td>\n<\/tr>\n<tr style=\"height: 23px;\">\n<td style=\"width: 100%; height: 23px;\">Pipich et al. 2021:\u00a0 V. Pipich, T. Starc, J. Buitenhuis, R. Kasher, W. Petry, Y. Oren and D. Schwahn, <em>Silica fouling in reverse osmosis systems-Operando small-angle neutron scattering studies<\/em>, Membranes 11 (2021) 413, 1-35. [<a href=\"https:\/\/doi.org\/10.3390\/membranes11060413\">10.3390\/membranes11060413<\/a>]<\/td>\n<\/tr>\n<tr style=\"height: 23px;\">\n<td style=\"width: 100%; height: 23px;\">Klein et al. 2016:\u00a0 A.N. Klein, T. Ziehm, M. Tusche, J. Buitenhuis, D. Bartnik, A. Boeddrich, T. Wiglenda, E. Wanker, S.A. Funke, O. Brener, L. Gremer, J. Kutzsche and D. Willbold, <em>Optimization of the all-D peptide D3 for Ab oligomer elimination<\/em>, PLoS ONE 11 (2016) e0153035. [<a href=\"https:\/\/doi.org\/10.1371\/journal.pone.0153035\">10.1371\/journal.pone.0153035<\/a>]<\/td>\n<\/tr>\n<tr style=\"height: 23px;\">\n<td style=\"width: 100%; height: 23px;\">Zhang et al. 2010:\u00a0 Z. Zhang, J. Buitenhuis, A. Cukkemane, M. Brocker, M. Bott and J. K. G. Dhont, <em>Charge reversal of the rodlike colloidal fd virus through surface chemical modification<\/em>, Langmuir 26 (2010), 10593. [<a href=\"https:\/\/pubs.acs.org\/doi\/10.1021\/la100740e\">10.1021\/la100740e<\/a>]<\/td>\n<\/tr>\n<\/tbody>\n<\/table>\n\n\n\n<div style=\"height:20px\" aria-hidden=\"true\" class=\"wp-block-spacer\"><\/div>\n","protected":false},"excerpt":{"rendered":"<p>The ER-C Ultrastructural EM user facility is offering technical and scientific support to our academic and industrial users in EM methodologies. We provide access to life science research approaches complementing our high-resolution cryo-EM facility.<\/p>\n","protected":false},"author":2,"featured_media":6287,"parent":6283,"menu_order":0,"comment_status":"closed","ping_status":"closed","template":"page-templates\/pagebuilder.php","meta":{"_themeisle_gutenberg_block_has_review":false,"footnotes":""},"class_list":["post-6281","page","type-page","status-publish","has-post-thumbnail","hentry"],"_links":{"self":[{"href":"https:\/\/er-c.org\/index.php\/wp-json\/wp\/v2\/pages\/6281","targetHints":{"allow":["GET"]}}],"collection":[{"href":"https:\/\/er-c.org\/index.php\/wp-json\/wp\/v2\/pages"}],"about":[{"href":"https:\/\/er-c.org\/index.php\/wp-json\/wp\/v2\/types\/page"}],"author":[{"embeddable":true,"href":"https:\/\/er-c.org\/index.php\/wp-json\/wp\/v2\/users\/2"}],"replies":[{"embeddable":true,"href":"https:\/\/er-c.org\/index.php\/wp-json\/wp\/v2\/comments?post=6281"}],"version-history":[{"count":26,"href":"https:\/\/er-c.org\/index.php\/wp-json\/wp\/v2\/pages\/6281\/revisions"}],"predecessor-version":[{"id":7490,"href":"https:\/\/er-c.org\/index.php\/wp-json\/wp\/v2\/pages\/6281\/revisions\/7490"}],"up":[{"embeddable":true,"href":"https:\/\/er-c.org\/index.php\/wp-json\/wp\/v2\/pages\/6283"}],"wp:featuredmedia":[{"embeddable":true,"href":"https:\/\/er-c.org\/index.php\/wp-json\/wp\/v2\/media\/6287"}],"wp:attachment":[{"href":"https:\/\/er-c.org\/index.php\/wp-json\/wp\/v2\/media?parent=6281"}],"curies":[{"name":"wp","href":"https:\/\/api.w.org\/{rel}","templated":true}]}}