{"id":5952,"date":"2023-02-23T08:08:04","date_gmt":"2023-02-23T08:08:04","guid":{"rendered":"https:\/\/er-c.org\/?page_id=5952"},"modified":"2025-11-26T17:03:12","modified_gmt":"2025-11-26T17:03:12","slug":"hitachi-hf-5000","status":"publish","type":"page","link":"https:\/\/er-c.org\/index.php\/facilities-2\/facilities-material-science\/material-science\/hitachi-hf-5000\/","title":{"rendered":"Hitachi HF5000"},"content":{"rendered":"\n<h1 class=\"wp-block-heading\">Hitachi HF5000  <\/h1>\n\n\n\n<div style=\"height:20px\" aria-hidden=\"true\" class=\"wp-block-spacer\"><\/div>\n\n\n\n<div class=\"wp-block-media-text alignwide is-stacked-on-mobile is-vertically-aligned-top\" style=\"grid-template-columns:33% auto\"><figure class=\"wp-block-media-text__media\"><img loading=\"lazy\" decoding=\"async\" width=\"683\" height=\"1024\" src=\"https:\/\/er-c.org\/wp-content\/uploads\/2023\/07\/hitachi_hf5000_er_c_1_03-683x1024.jpg\" alt=\"\" class=\"wp-image-7124 size-medium\" srcset=\"https:\/\/er-c.org\/wp-content\/uploads\/2023\/07\/hitachi_hf5000_er_c_1_03-683x1024.jpg 683w, https:\/\/er-c.org\/wp-content\/uploads\/2023\/07\/hitachi_hf5000_er_c_1_03-200x300.jpg 200w, https:\/\/er-c.org\/wp-content\/uploads\/2023\/07\/hitachi_hf5000_er_c_1_03-768x1151.jpg 768w, https:\/\/er-c.org\/wp-content\/uploads\/2023\/07\/hitachi_hf5000_er_c_1_03-1025x1536.jpg 1025w, https:\/\/er-c.org\/wp-content\/uploads\/2023\/07\/hitachi_hf5000_er_c_1_03-1366x2048.jpg 1366w, https:\/\/er-c.org\/wp-content\/uploads\/2023\/07\/hitachi_hf5000_er_c_1_03-scaled.jpg 1708w\" sizes=\"auto, (max-width: 683px) 100vw, 683px\" \/><\/figure><div class=\"wp-block-media-text__content\">\n<p>The Hitachi HF5000 is a (scanning) transmission electron microscope designed to unravel solid-state phenomena at the atomic scale. By combining high special resolution and analytical capabilities with a gas inlet system and a variety of in situ holders, structural and compositional changes of a broad range of materials can be revealed at the atomic level. The system is equipped with a cold field emission electron gun, a C<sub>s<\/sub> probe corrector (Hitachi), an energy dispersive spectroscopy unit (Oxford Instruments Aztec Energy TEM Advanced EDX System Ultim TLE), a post-column energy filter system (CEOS CEFID), and a TVIPS TemCam XF416 camera. Data acquisition is enabled by on-axis dark field, as well as bright field detectors, and a CCD camera. The examination of the sample surface can be carried out by means of a secondary electron detector. To enable energy-filtered 4D STEM measurements, the microscope is equipped with a segmented detector. The microscope can be remotely operated to maintain stable conditions during the experiments. Typical examples of use and technical specifications for the instrument are given below.<\/p>\n\n\n\n<p><\/p>\n\n\n\n<h2 class=\"wp-block-heading\">Sample Environment<\/h2>\n\n\n\n<p id=\"block-abecc45b-81c3-4721-96f4-2a0988ad3d60\">In the standard setup samples are investigated at room temperature and at a vacuum level of about 10<sup>\u20138<\/sup> mbar. For heating experiments Hitachi single and double tilt holders are available. By means of a gas mixing station, different gases (nitrogen, oxygen, synth. air, CO<sub>2<\/sub> and hydrogen) and their mixtures can be introduced directly into the column at a maximum pressure of 16 Pascal. A Hitachi in situ liquid cell holder is available for electrochemical experiments. This holder is completed by a vacuum test station, a syringe dosing pump, a potentiostat and various MEMS chips with different electrode geometries.<\/p>\n<\/div><\/div>\n\n\n\n<h2>Typical Applications and Limitations of Use<\/h2>\n<p>The capabilities of the Hitachi HF5000 allow a variety of different materials to be examined using a wide range of different electron microscopic techniques. In addition to high resolution scanning transmission electron microscopy with annular detectors for bright field, dark field and high angle annular dark field analysis, materials can be studied using electron energy loss spectroscopy, energy dispersive X-ray spectroscopy, electron tomography, momentum resolved scanning transmission electron microscopy, and a combination of the techniques listed. The instrument also has excellent resolution at low accelerating voltages, allowing characterization of beam sensitive samples. Coupled with the excellent structural and chemical analysis capabilities, this microscope is an ideal tool in the field of materials science and fundamental research.<\/p>\n<p>The Hitachi HF5000 is not intended for the investigation of aqueous, contaminated, ferromagnetic or organic samples without further discussion with both, the instrument officers and the ER-C general management.<\/p>\n\n\n\n<div style=\"height:25px\" aria-hidden=\"true\" class=\"wp-block-spacer\"><\/div>\n\n\n<div\n\t\t\t\n\t\t\tclass=\"so-widget-sow-headline so-widget-sow-headline-default-f8d66e93cdeb\"\n\t\t\t\n\t\t><div class=\"sow-headline-container \">\n\t\t\t\t\t\t<div class=\"decoration\">\n\t\t\t\t\t\t<div class=\"decoration-inside\"><\/div>\n\t\t\t\t\t<\/div>\n\t\t\t\t\t<\/div>\n<\/div>\n\n\n<figure class=\"wp-block-embed aligncenter is-type-video is-provider-youtube wp-block-embed-youtube wp-embed-aspect-16-9 wp-has-aspect-ratio\"><div class=\"wp-block-embed__wrapper\">\n<iframe loading=\"lazy\" title=\"Hitachi HF5000 @ ER-C\" width=\"900\" height=\"506\" src=\"https:\/\/www.youtube.com\/embed\/mdvb2JOoJLM?feature=oembed\" frameborder=\"0\" allow=\"accelerometer; autoplay; clipboard-write; encrypted-media; gyroscope; picture-in-picture; web-share\" referrerpolicy=\"strict-origin-when-cross-origin\" allowfullscreen><\/iframe>\n<\/div><\/figure>\n\n\n\n<div style=\"height:40px\" aria-hidden=\"true\" class=\"wp-block-spacer\"><\/div>\n\n\n\n<div class=\"wp-block-columns is-layout-flex wp-container-core-columns-is-layout-9d6595d7 wp-block-columns-is-layout-flex\">\n<div class=\"wp-block-column is-layout-flow wp-block-column-is-layout-flow\" style=\"flex-basis:50%\">\n<h2>Technical Specifications<\/h2>\n\n\n\n<figure class=\"wp-block-table\"><table><tbody><tr><td>Electron acceleration voltage<\/td><td>60 kV \u2026 200 kV<\/td><\/tr><tr><td>Point resolution (TEM) @ 200 kV<\/td><td>102 pm<\/td><\/tr><tr><td>Resolution (STEM) @ 200 kV and 100 pA<\/td><td>&lt; 78 pm<\/td><\/tr><tr><td>EDX system energy resolution (10 kcps)<\/td><td>&lt; 72 eV<\/td><\/tr><tr><td>EDX solid angle<\/td><td>2 sr<\/td><\/tr><tr><td>EELS system energy resolution @200 kV<\/td><td>0.4 eV<\/td><\/tr><\/tbody><\/table><\/figure>\n\n\n\n<div style=\"height:40px\" aria-hidden=\"true\" class=\"wp-block-spacer\"><\/div>\n\n\n\n<h2>Detectors<\/h2>\n\n\n\n<figure class=\"wp-block-table\"><table><tbody><tr><td>large-size CMOS detector XF416 4k x 4k (15.5 \u00b5m pixel size)<\/td><td>TVIPS<\/td><\/tr><tr><td>CEFID spectrometer with 2 and 5 mm entrance apertures<\/td><td>CEOS<\/td><\/tr><tr><td>Medium angle BF\/DF STEM detectors<\/td><td>Hitachi<\/td><\/tr><tr><td>HAADF detector<\/td><td>Hitachi<\/td><\/tr><tr><td>Secondary electron detector<\/td><td>Hitachi<\/td><\/tr><tr><td>MerlinEM Direct Electron Detector (DED)<\/td><td>QuantumDetectors<\/td><\/tr><tr><td>AztecEnergy (EDS System) with 2 Ultim Max TLE detectors<\/td><td>Oxford Instruments<\/td><\/tr><\/tbody><\/table><\/figure>\n<\/div>\n\n\n\n<div class=\"wp-block-column is-layout-flow wp-block-column-is-layout-flow\" style=\"flex-basis:50%\">\n<h2>Specimen Stages<\/h2>\n\n\n\n<figure class=\"wp-block-table\"><table><tbody><tr><td>double tilt low background holder<\/td><td>\u00b1 25 \u00b0<\/td><\/tr><tr><td>high field of view single tilt tomography holder<\/td><td>\u00b1 70 \u00b0<\/td><\/tr><tr><td>Single and double tilt heating holder<\/td><td>\u00b1 25 \u00b0<\/td><\/tr><tr><td>In situ MEMS based liquid cell electrochemistry holder<\/td><td>0 \u00b0<\/td><\/tr><\/tbody><\/table><\/figure>\n<\/div>\n<\/div>\n\n\n<div\n\t\t\t\n\t\t\tclass=\"so-widget-sow-headline so-widget-sow-headline-default-f8d66e93cdeb\"\n\t\t\t\n\t\t><div class=\"sow-headline-container \">\n\t\t\t\t\t\t<div class=\"decoration\">\n\t\t\t\t\t\t<div class=\"decoration-inside\"><\/div>\n\t\t\t\t\t<\/div>\n\t\t\t\t\t<\/div>\n<\/div>\n\n\n<div style=\"height:40px\" aria-hidden=\"true\" class=\"wp-block-spacer\"><\/div>\n\n\n\n<div class=\"wp-block-columns is-layout-flex wp-container-core-columns-is-layout-9d6595d7 wp-block-columns-is-layout-flex\">\n<div class=\"wp-block-column is-vertically-aligned-bottom is-layout-flow wp-block-column-is-layout-flow\">\n<h2 id=\"block-18c1f388-1fa7-4f02-9b97-04942d62fbde\" class=\"block-editor-rich-text__editable block-editor-block-list__block wp-block is-selected rich-text\" tabindex=\"0\" role=\"group\" contenteditable=\"true\" aria-multiline=\"true\" aria-label=\"Block: Heading\" data-block=\"18c1f388-1fa7-4f02-9b97-04942d62fbde\" data-type=\"core\/heading\" data-title=\"Heading\">Instrument related Publications<\/h2>\n<\/div>\n<\/div>\n\n\n\n<figure class=\"wp-block-table\"><table><tbody><tr><td>H\u00e4usler, J.; Pasel, J.; Woltmann, F.; Everwand, A.; Meledina, M.; Valencia, H.; Lipi\u0144ska-Chwa\u0142ek, M.; Mayer, J.; Peters, R. Elucidating the Influence of the d-Band Center on the Synthesis of Isobutanol. Catalysts 2021, 11, 406. <a href=\"https:\/\/doi.org\/10.3390\/catal11030406\">https:\/\/doi.org\/10.3390\/catal11030406<\/a><\/td><\/tr><tr><td>D\u00edez, A.M.; Valencia, H.E.; Meledina, M.; Mayer, J.; Kolen&#8217;ko, Y.V. Photocatalytic-Fenton Process under Simulated Solar Radiation Promoted by a Suitable Catalyst Selection. Catalysts 2021, 11, 885. https:\/\/doi.org\/10.3390\/catal11080885<\/td><\/tr><\/tbody><\/table><\/figure>\n\n\n\n<div style=\"height:40px\" aria-hidden=\"true\" class=\"wp-block-spacer\"><\/div>\n\n\n\n<p><\/p>\n","protected":false},"excerpt":{"rendered":"<p>The Hitachi HF5000 is a (scanning) transmission electron microscope designed to unravel solid-state phenomena at the atomic scale. By combining high special resolution and analytical capabilities with a gas inlet system and a variety of in situ holders, structural and compositional changes of a broad range of materials can be revealed at the atomic level.<\/p>\n","protected":false},"author":2,"featured_media":7126,"parent":6019,"menu_order":0,"comment_status":"closed","ping_status":"closed","template":"page-templates\/pagebuilder.php","meta":{"_themeisle_gutenberg_block_has_review":false,"footnotes":""},"class_list":["post-5952","page","type-page","status-publish","has-post-thumbnail","hentry"],"_links":{"self":[{"href":"https:\/\/er-c.org\/index.php\/wp-json\/wp\/v2\/pages\/5952","targetHints":{"allow":["GET"]}}],"collection":[{"href":"https:\/\/er-c.org\/index.php\/wp-json\/wp\/v2\/pages"}],"about":[{"href":"https:\/\/er-c.org\/index.php\/wp-json\/wp\/v2\/types\/page"}],"author":[{"embeddable":true,"href":"https:\/\/er-c.org\/index.php\/wp-json\/wp\/v2\/users\/2"}],"replies":[{"embeddable":true,"href":"https:\/\/er-c.org\/index.php\/wp-json\/wp\/v2\/comments?post=5952"}],"version-history":[{"count":10,"href":"https:\/\/er-c.org\/index.php\/wp-json\/wp\/v2\/pages\/5952\/revisions"}],"predecessor-version":[{"id":16974,"href":"https:\/\/er-c.org\/index.php\/wp-json\/wp\/v2\/pages\/5952\/revisions\/16974"}],"up":[{"embeddable":true,"href":"https:\/\/er-c.org\/index.php\/wp-json\/wp\/v2\/pages\/6019"}],"wp:featuredmedia":[{"embeddable":true,"href":"https:\/\/er-c.org\/index.php\/wp-json\/wp\/v2\/media\/7126"}],"wp:attachment":[{"href":"https:\/\/er-c.org\/index.php\/wp-json\/wp\/v2\/media?parent=5952"}],"curies":[{"name":"wp","href":"https:\/\/api.w.org\/{rel}","templated":true}]}}