{"id":4712,"date":"2021-08-10T12:03:26","date_gmt":"2021-08-10T12:03:26","guid":{"rendered":"https:\/\/er-c.org\/?page_id=4712"},"modified":"2021-08-10T12:39:26","modified_gmt":"2021-08-10T12:39:26","slug":"nachruf","status":"publish","type":"page","link":"https:\/\/er-c.org\/index.php\/nachruf\/","title":{"rendered":"Nachruf"},"content":{"rendered":"\n\n<div class=\"wp-block-columns is-layout-flex wp-container-core-columns-is-layout-9d6595d7 wp-block-columns-is-layout-flex\">\n<div class=\"wp-block-column is-layout-flow wp-block-column-is-layout-flow\" style=\"flex-basis:10%\"><\/div>\n\n\n\n<div class=\"wp-block-column is-layout-flow wp-block-column-is-layout-flow\" style=\"flex-basis:90%\">\n<div style=\"height:50px\" aria-hidden=\"true\" class=\"wp-block-spacer\"><\/div>\n\n\n<div\n\t\t\t\n\t\t\tclass=\"so-widget-sow-headline so-widget-sow-headline-default-e68cdc7fd8ad\"\n\t\t\t\n\t\t><div class=\"sow-headline-container \">\n\t\t\t\t\t\t\t<h1 class=\"sow-headline\">\n\t\t\t\t\t\tNachruf\t\t\t\t\t\t<\/h1>\n\t\t\t\t\t\t<\/div>\n<\/div>\n\n\n<div style=\"height:50px\" aria-hidden=\"true\" class=\"wp-block-spacer\"><\/div>\n\n\n\n<hr>\n<h5>&nbsp;<\/h5>\n<h3 style=\"text-align: center;\"><em><strong>Trauer um Vorstandsmitglied Harald Bol<\/strong>t<\/em><\/h3>\n<p style=\"text-align: center;\">&nbsp;<\/p>\n<h6 style=\"text-align: center;\"><cite>1960 &#8211; 2021<br><\/cite><\/h6>\n<h5>&nbsp;<\/h5>\n<hr>\n\n\n\n<div style=\"height:20px\" aria-hidden=\"true\" class=\"wp-block-spacer\"><\/div>\n\n\n\n<div class=\"wp-block-columns is-layout-flex wp-container-core-columns-is-layout-9d6595d7 wp-block-columns-is-layout-flex\">\n<div class=\"wp-block-column is-layout-flow wp-block-column-is-layout-flow\" style=\"flex-basis:33.33%\">\n<figure class=\"wp-block-image size-medium is-style-default\"><img loading=\"lazy\" decoding=\"async\" width=\"300\" height=\"300\" src=\"https:\/\/er-c.org\/wp-content\/uploads\/2021\/08\/Bolt-300x300.jpg\" alt=\"\" class=\"wp-image-4691\" title=\"Bolt\" srcset=\"https:\/\/er-c.org\/wp-content\/uploads\/2021\/08\/Bolt-300x300.jpg 300w, https:\/\/er-c.org\/wp-content\/uploads\/2021\/08\/Bolt-1024x1024.jpg 1024w, https:\/\/er-c.org\/wp-content\/uploads\/2021\/08\/Bolt-150x150.jpg 150w, https:\/\/er-c.org\/wp-content\/uploads\/2021\/08\/Bolt-768x768.jpg 768w, https:\/\/er-c.org\/wp-content\/uploads\/2021\/08\/Bolt.jpg 1406w\" sizes=\"auto, (max-width: 300px) 100vw, 300px\" \/><\/figure>\n<\/div>\n\n\n\n<div class=\"wp-block-column is-layout-flow wp-block-column-is-layout-flow\" style=\"flex-basis:66.66%\">\n<p style=\"text-align: justify;\">Wir sind sehr traurig und tief betroffen vom viel zu fr\u00fchen Tod des langj\u00e4hrigen J\u00fclicher Vorstandsmitglieds Prof. Dr.-Ing. Harald Bolt. Herr Bolt leitete seit 2008 den Wissenschaftlichen Gesch\u00e4ftsbereich II und \u00fcbernahm zudem vorr\u00fcbergehend die Zust\u00e4ndigkeit f\u00fcr das J\u00fclich Centre for Neutron Science (JCNS) sowie das Ernst Ruska-Centrum (ER-C), als der Wissenschaftliche Gesch\u00e4ftsbereich I ohne Leitung war. Auch dar\u00fcber hinaus hatte er vielf\u00e4ltige Ber\u00fchrungspunkte sowie gemeinsame Projekte mit dem JCNS und dem Ernst Ruska-Centrum ER-C.<\/p>\n\n&nbsp;\n<p style=\"text-align: justify;\">Insbesondere Themen aus dem Bereich der Energieforschung sowie die Nutzung von Synergien lagen ihm am Herzen. Deshalb wird beispielsweise ein Elektronenmikroskop (FEI Titan G2 80-200 ChemiSTEM), welches durch ein gemeinsames Projekt unter Federf\u00fchrung des Instituts f\u00fcr Energie- und Klimaforschung (IEK) eingeworben wurde, kooperativ im ER-C betrieben. Herr Bolt engagierte sich zudem f\u00fcr die Nutzung der Neutronenstreuung, die besonders empfindlich gegen\u00fcber leichten Elementen ist, wie beispielsweise Wasserstoff und Lithium, in der J\u00fclicher Energieforschung.<\/p>\n\n&nbsp;\n<p style=\"text-align: justify;\">Mit <strong>Harald Bolt<\/strong> verlieren wir nicht nur ein kluges und erfahrenes Mitglied des Vorstands und einen exzellenten Wissenschaftler, sondern auch einen \u00e4u\u00dferst sympathischen, warmherzigen und humorvollen Menschen. Er wird uns allen fehlen und wir werden ihn in dankbarer Erinnerung behalten.<\/p>\n\n&nbsp;\n<p style=\"text-align: justify;\">Unsere Gedanken sind bei seinen Angeh\u00f6rigen. Wir w\u00fcnschen ihnen f\u00fcr diese schwere Zeit viel Kraft.<\/p>\n\n&nbsp;\n<p style=\"text-align: justify;\">JCNS und ER-C<\/p>\n<\/div>\n<\/div>\n\n\n\n<div style=\"height:50px\" aria-hidden=\"true\" class=\"wp-block-spacer\"><\/div>\n\n\n\n\n<\/div>\n\n\n\n<div class=\"wp-block-column is-layout-flow wp-block-column-is-layout-flow\" style=\"flex-basis:10%\"><\/div>\n<\/div>\n\n\n\n\n\n<div class=\"wp-block-columns is-layout-flex wp-container-core-columns-is-layout-9d6595d7 wp-block-columns-is-layout-flex\">\n<div class=\"wp-block-column is-layout-flow wp-block-column-is-layout-flow\" style=\"flex-basis:100%\">\n<div style=\"height:50px\" aria-hidden=\"true\" class=\"wp-block-spacer\"><\/div>\n<\/div>\n<\/div>\n\n\n\n\n\n<div class=\"wp-block-columns is-layout-flex wp-container-core-columns-is-layout-9d6595d7 wp-block-columns-is-layout-flex\"><\/div>\n\n\n\n\n\n","protected":false},"excerpt":{"rendered":"<p>Wir sind sehr traurig und tief betroffen vom viel zu fr\u00fchen Tod des langj\u00e4hrigen J\u00fclicher Vorstandsmitglieds Prof. Dr.-Ing. Harald Bolt. Herr Bolt leitete seit 2008 den Wissenschaftlichen Gesch\u00e4ftsbereich II und \u00fcbernahm zudem vorr\u00fcbergehend die Zust\u00e4ndigkeit f\u00fcr das J\u00fclich Centre for Neutron Science (JCNS) sowie das Ernst Ruska-Centrum (ER-C). Mit Harald Bolt verlieren wir nicht nur ein kluges und erfahrenes Mitglied des Vorstands und einen exzellenten Wissenschaftler, sondern auch einen \u00e4u\u00dferst sympathischen, warmherzigen und humorvollen Menschen. Er wird uns allen fehlen und wir werden ihn in dankbarer Erinnerung behalten.<\/p>\n","protected":false},"author":2,"featured_media":4706,"parent":0,"menu_order":0,"comment_status":"closed","ping_status":"closed","template":"templates\/builder-fullwidth-std.php","meta":{"_themeisle_gutenberg_block_has_review":false,"footnotes":""},"class_list":["post-4712","page","type-page","status-publish","has-post-thumbnail","hentry"],"_links":{"self":[{"href":"https:\/\/er-c.org\/index.php\/wp-json\/wp\/v2\/pages\/4712","targetHints":{"allow":["GET"]}}],"collection":[{"href":"https:\/\/er-c.org\/index.php\/wp-json\/wp\/v2\/pages"}],"about":[{"href":"https:\/\/er-c.org\/index.php\/wp-json\/wp\/v2\/types\/page"}],"author":[{"embeddable":true,"href":"https:\/\/er-c.org\/index.php\/wp-json\/wp\/v2\/users\/2"}],"replies":[{"embeddable":true,"href":"https:\/\/er-c.org\/index.php\/wp-json\/wp\/v2\/comments?post=4712"}],"version-history":[{"count":17,"href":"https:\/\/er-c.org\/index.php\/wp-json\/wp\/v2\/pages\/4712\/revisions"}],"predecessor-version":[{"id":4732,"href":"https:\/\/er-c.org\/index.php\/wp-json\/wp\/v2\/pages\/4712\/revisions\/4732"}],"wp:featuredmedia":[{"embeddable":true,"href":"https:\/\/er-c.org\/index.php\/wp-json\/wp\/v2\/media\/4706"}],"wp:attachment":[{"href":"https:\/\/er-c.org\/index.php\/wp-json\/wp\/v2\/media?parent=4712"}],"curies":[{"name":"wp","href":"https:\/\/api.w.org\/{rel}","templated":true}]}}