{"id":4197,"date":"2021-05-15T22:22:12","date_gmt":"2021-05-15T22:22:12","guid":{"rendered":"https:\/\/er-c.org\/?page_id=4197"},"modified":"2021-07-01T19:19:52","modified_gmt":"2021-07-01T19:19:52","slug":"imprint","status":"publish","type":"page","link":"https:\/\/er-c.org\/index.php\/imprint\/","title":{"rendered":"Imprint"},"content":{"rendered":"\n\n<div id=\"content-container\" class=\"container\">\n<div class=\"row\">\n<div class=\"col-lg-12\">\n<section id=\"content\" class=\"body\">\n<h1 class=\"entry-title\" style=\"text-align: justify;\">Imprint<\/h1>\n<div class=\"entry-content\">\n<div id=\"forschungszentrum-julich-gmbh\" class=\"section\" style=\"text-align: justify;\">\n<h2>Forschungszentrum J\u00fclich GmbH<\/h2>\n<div class=\"line-block\">\n<div class=\"line\">Wilhelm-Johnen-Stra\u00dfe<\/div>\n<div class=\"line\">52428 J\u00fclich<\/div>\n<div class=\"line\">\u00a0<\/div>\n<div class=\"line\">Postal address:<\/div>\n<div class=\"line\">52425 J\u00fclich<\/div>\n<div class=\"line\">\u00a0<\/div>\n<div class=\"line\">Delivery address:<\/div>\n<div class=\"line\">Leo-Brandt-Stra\u00dfe<\/div>\n<div class=\"line\">52428 J\u00fclich<\/div>\n<div class=\"line\">\u00a0<\/div>\n<div class=\"line\">Entered in the Commercial Register of the District Court of D\u00fcren, Germany: No. HR B 3498<\/div>\n<div class=\"line\">Value Added Tax ID No. in accordance with \u00a7 27a of the German VAT Law: DE 122624631<\/div>\n<div class=\"line\">Tax No.: 213\/5700\/0033<\/div>\n<\/div>\n<\/div>\n<div id=\"board-of-directors\" class=\"section\" style=\"text-align: justify;\">\n<h2>Board of Directors<\/h2>\n<div class=\"line-block\">\n<div class=\"line\">Prof. Dr.-Ing. Wolfgang Marquardt (Chairman of the Board of Directors)<\/div>\n<div class=\"line\">Karsten Beneke (Vice-Chairman)<\/div>\n<div class=\"line\">Prof. Dr. Harald Bolt<\/div>\n<div>Prof. Dr. Frauke Melchior<\/div>\n<div>Dr. Astrid Lambrecht<\/div>\n<\/div>\n<\/div>\n<div id=\"supervisory-board\" class=\"section\" style=\"text-align: justify;\">\n<h2>Supervisory Board<\/h2>\nMinisterialdirektor Volker Rieke<\/div>\n<div id=\"responsible-in-the-sense-of-55-2nd-paragraph-of-rundfunkstaatsvertrag-german-interstate-treaty-on-broadcasting\" class=\"section\" style=\"text-align: justify;\">\n<h2>Responsible in the sense of \u00a7 18, 2nd paragraph of Medienstaatsvertrag (MStV)<\/h2>\n<div class=\"line-block\">\n<div class=\"line\">Dr. Genevieve Wilbs<\/div>\n<div class=\"line\">Forschungszentrum J\u00fclich<\/div>\n<div class=\"line\">ER-C-1<\/div>\n<div class=\"line\">Wilhelm-Johnen-Stra\u00dfe<\/div>\n<div class=\"line\">52428 J\u00fclich<\/div>\n<\/div>\n<\/div>\n<div id=\"contact\" class=\"section\" style=\"text-align: justify;\">\n<h2>Contact<\/h2>\n<div class=\"line-block\">\n<div class=\"line\">Phone: +49 2461 61-96621<\/div>\n<div class=\"line\">Internet: <a class=\"reference external\" href=\"https:\/\/er-c.org\">https:\/\/er-c.org<\/a><\/div>\n<div class=\"line\">E-Mail: g.wilbs@fz-juelich.de<\/div>\n<\/div>\n<\/div>\n<div id=\"copyright\" class=\"section\" style=\"text-align: justify;\">\n<h2>Copyright<\/h2>\n<div class=\"line-block\">\n<div class=\"line\">Copyright and all other rights concerning the website of the ER-C User Facility at Forschungszentrum J\u00fclich are held by Forschungszentrum J\u00fclich GmbH. Use of the information contained on the website, including excerpts, is permitted for educational, scientific or private purposes, provided the source is quoted (unless otherwise expressly stated on the respective website). Use for commercial purposes is not permitted unless explicit permission has been granted by Forschungszentrum J\u00fclich.<\/div>\n<\/div>\n<\/div>\n<div id=\"disclaimer\" class=\"section\" style=\"text-align: justify;\">\n<h2>Disclaimer<\/h2>\n<div class=\"line-block\">\n<div class=\"line\"><strong>Contents of the Website of the ER-C User Facility<br \/><\/strong><\/div>\n<div class=\"line\">The website of ER-C User Facility at Forschungszentrum J\u00fclich has been compiled with due diligence. However, Forschungszentrum J\u00fclich neither guarantees nor accepts liability for the information being up-to-date, complete or accurate.<\/div>\n<div class=\"line\">\u00a0<\/div>\n<div class=\"line\"><strong>Links to External Websites<\/strong><\/div>\n<div class=\"line\">The website of the ER-C User Facility at Forschungszentrum J\u00fclich contains links to external third-party websites. These links to third-party sites do not imply approval of their contents. Forschungszentrum J\u00fclich has no influence on the current or future contents of these sites. We therefore accept no liability for the accessibility or contents of such websites and no liability for damages that may arise as a result of the use of such content.<\/div>\n<\/div>\n<\/div>\n<div id=\"data-protection\" class=\"section\">\n<h2 style=\"text-align: justify;\">Data Protection<\/h2>\n<div class=\"line-block\">\n<div class=\"line\" style=\"text-align: justify;\">Every time a user accesses a website hosted by the ER-C User Facility at Forschungszentrum J\u00fclich GmbH and every time a file is requested, data connected to these processes are stored in a log. These data do not contain personal information; we are unable to trace which user accessed what information. Personal user profiles therefore cannot be created. The data that is saved will be used for statistical purposes only. This information will not be disclosed to third parties.<\/div>\n<div class=\"line\" style=\"text-align: justify;\">\u00a0<\/div>\n<div class=\"line\" style=\"text-align: justify;\">For further information about data protection, see <strong><a class=\"reference external\" href=\"https:\/\/er-c.org\/index.php\/privacy-policy\/\">here<\/a><\/strong><\/div>\n<\/div>\n<\/div>\n<\/div>\n<\/section>\n<\/div>\n<\/div>\n<\/div>\n\n\n\n\n\n<div style=\"height:100px\" aria-hidden=\"true\" class=\"wp-block-spacer\"><\/div>\n\n","protected":false},"excerpt":{"rendered":"<p>Imprint Forschungszentrum J\u00fclich GmbH Wilhelm-Johnen-Stra\u00dfe 52428 J\u00fclich \u00a0 Postal address: 52425 J\u00fclich \u00a0 Delivery address: Leo-Brandt-Stra\u00dfe 52428 J\u00fclich \u00a0 Entered in the Commercial Register of the District Court of D\u00fcren,&hellip;<\/p>\n","protected":false},"author":2,"featured_media":0,"parent":0,"menu_order":0,"comment_status":"closed","ping_status":"closed","template":"page-templates\/pagebuilder.php","meta":{"_themeisle_gutenberg_block_has_review":false,"footnotes":""},"class_list":["post-4197","page","type-page","status-publish","hentry"],"_links":{"self":[{"href":"https:\/\/er-c.org\/index.php\/wp-json\/wp\/v2\/pages\/4197","targetHints":{"allow":["GET"]}}],"collection":[{"href":"https:\/\/er-c.org\/index.php\/wp-json\/wp\/v2\/pages"}],"about":[{"href":"https:\/\/er-c.org\/index.php\/wp-json\/wp\/v2\/types\/page"}],"author":[{"embeddable":true,"href":"https:\/\/er-c.org\/index.php\/wp-json\/wp\/v2\/users\/2"}],"replies":[{"embeddable":true,"href":"https:\/\/er-c.org\/index.php\/wp-json\/wp\/v2\/comments?post=4197"}],"version-history":[{"count":9,"href":"https:\/\/er-c.org\/index.php\/wp-json\/wp\/v2\/pages\/4197\/revisions"}],"predecessor-version":[{"id":4653,"href":"https:\/\/er-c.org\/index.php\/wp-json\/wp\/v2\/pages\/4197\/revisions\/4653"}],"wp:attachment":[{"href":"https:\/\/er-c.org\/index.php\/wp-json\/wp\/v2\/media?parent=4197"}],"curies":[{"name":"wp","href":"https:\/\/api.w.org\/{rel}","templated":true}]}}