{"id":18793,"date":"2026-05-13T18:07:02","date_gmt":"2026-05-13T18:07:02","guid":{"rendered":"https:\/\/er-c.org\/?page_id=18793"},"modified":"2026-05-13T18:07:02","modified_gmt":"2026-05-13T18:07:02","slug":"echo-program","status":"publish","type":"page","link":"https:\/\/er-c.org\/index.php\/conferences\/echo-seminar\/echo-program\/","title":{"rendered":"ECHO Program"},"content":{"rendered":"<div class=\"wp-block-image is-style-default ticss-e801117e\">\n<figure class=\"aligncenter size-full is-resized\"><img loading=\"lazy\" decoding=\"async\" width=\"587\" height=\"135\" src=\"https:\/\/er-c.org\/wp-content\/uploads\/2026\/05\/ECHO-logo.png\" alt=\"\" class=\"wp-image-18697\" style=\"object-fit:cover;width:600px;height:undefinedpx\" srcset=\"https:\/\/er-c.org\/wp-content\/uploads\/2026\/05\/ECHO-logo.png 587w, https:\/\/er-c.org\/wp-content\/uploads\/2026\/05\/ECHO-logo-300x69.png 300w\" sizes=\"auto, (max-width: 587px) 100vw, 587px\" \/><\/figure>\n<\/div>\n\n\n<h1 style=\"text-align: center;\"><span style=\"color: #000000;\">872. Wilhelm and Else Heraeus-Seminar<\/span><\/h1>\n\n\n\n<p>\u00a0<\/p>\n<hr \/>\n<h2 style=\"text-align: center;\"><span style=\"color: #000000; background-color: #004aad;\"><strong>\u00a0<span style=\"color: #ffffff;\">Venue: Forschungszentrum J\u00fclich (Germany)\u00a0<\/span><\/strong><\/span><\/h2>\n<hr \/>\n\n\n<div style=\"height:300pxpx;\" class=\"wp-block-themeisle-blocks-leaflet-map\" id=\"wp-block-themeisle-blocks-leaflet-map-61872805\"><\/div>\n<script type=\"text\/javascript\">\n\t\/* <![CDATA[ *\/\n\t\tif ( ! window.themeisleLeafletMaps ) window.themeisleLeafletMaps =[];\n\t\twindow.themeisleLeafletMaps.push( { container: \"wp-block-themeisle-blocks-leaflet-map-61872805\", attributes: {\"id\":\"wp-block-themeisle-blocks-leaflet-map-61872805\",\"location\":\"Forschungszentrum J\\u00fclich\",\"latitude\":\"50.90303283111257\",\"longitude\":\"6.416015625000001\",\"bbox\":\"1.8017578125000002,49.85215166777001,11.0302734375,51.93071827931289\",\"zoom\":7,\"height\":\"300px\",\"markers\":[{\"id\":\"11375d3f-5752-4969-9baf-913019905d5f\",\"latitude\":50.90802585409309,\"longitude\":6.414749622344972,\"title\":\"ER-C\",\"description\":\"\",\"location\":\"Forschungszentrum J\\u00fclich\"}],\"zoomControl\":true,\"draggable\":true,\"extended_widget_opts_block\":{},\"extended_widget_opts\":{},\"extended_widget_opts_state\":\"\",\"extended_widget_opts_clientid\":\"\",\"dateUpdated\":\"\",\"hasCustomCSS\":false,\"customCSS\":\"\",\"otterConditions\":[]} } );\n\t\/* ]]> *\/\n<\/script>\n\n\n\n<div class=\"wp-block-columns is-layout-flex wp-container-core-columns-is-layout-9d6595d7 wp-block-columns-is-layout-flex\">\n<div class=\"wp-block-column is-layout-flow wp-block-column-is-layout-flow\">\n<p style=\"text-align: center;\"><span class=\"ds3\"><span class=\"ds26\"><strong data-start=\"736\" data-end=\"785\">ECHO (<\/strong>the <strong data-start=\"791\" data-end=\"832\">872. Wilhelm and Else Heraeus Seminar) <\/strong>will be held at <\/span><span class=\"ds26\">Forschungszentrum J\u00fclich (FZJ) in Germany<\/span><\/span><span class=\"ds3\"><span class=\"ds26\">. The FZJ is one of the largest interdisciplinary research centres in Europe and a founding member of the Helmholtz Association.<\/span><\/span><\/p>\n<p style=\"text-align: center;\"><strong><span style=\"background-color: #e97132;\">\u00a0<span style=\"color: #ffffff;\">Please note that access to the campus is possible only by providing a valid passport or ID card.\u00a0<\/span><\/span> <\/strong><br \/><br \/>Detailed information on how to reach us is available on the <strong><a href=\"https:\/\/www.fz-juelich.de\/en\/about-us\/contact-visitor-information\/how-to-reach-us\" target=\"_blank\" rel=\"noopener\">FZJ Homepage<\/a>.<\/strong><\/p>\n\n\n\n<div class=\"wp-block-group\"><div class=\"wp-block-group__inner-container is-layout-constrained wp-block-group-is-layout-constrained\">\n<p style=\"text-align: center;\">J\u00fclich is situated in the triangle between Cologne, D\u00fcsseldorf and Aachen. If you travel by plane, D\u00fcsseldorf airport is usually the most convenient choice. From the railway station at the airport, we recommend to continue to D\u00fcren main station by train. Some trains go directly to D\u00fcren whereas other connections involve a change at Cologne main station. From D\u00fcren main station you can continue by bus to reach your hotel.<\/p>\n<p style=\"text-align: center;\">For all participants and lecturers we will provide accommodation at the <span style=\"color: #ffffff; background-color: #588969;\"><strong><span style=\"background-color: #e97132;\">\u00a0\u201c<a style=\"color: #ffffff; background-color: #e97132;\" href=\"https:\/\/www.hotel-bb.com\/en\/hotel\/dueren\" target=\"_blank\" rel=\"noopener\">B&amp;B Hotel D\u00fcren<\/a>\u201c <\/span><\/strong><\/span>\u00a0free of charge.\u00a0<\/p>\n<p style=\"text-align: center;\"><strong>Traveling to \/ from the Hotel has to be organized and paid at your own expenses. But we will organize a shuttle bus that will pick you up at the B&amp;B Hotel in the morning and will bring you back in the evening.\u00a0<\/strong><\/p>\n<p style=\"text-align: center;\">In case you arrive individually, you can use our <a href=\"https:\/\/www.site.guide\/SiteGuide\/?c=62537a625167376f335775494c656a4b6772577261413d3d&amp;mode=desktop&amp;tagbundle=567&amp;focus_tag=33381\" target=\"_blank\" rel=\"noopener\">interactive site map<\/a> to navigate on our campus. The lectures will be held in <strong>building 05.13<\/strong>.<\/p>\n<p style=\"text-align: center;\">If you travel by car, you can enter the campus through the main gate at \u201cWilhlem-Johnen-Stra\u00dfe\u201d. Follow the route indicated in the image below to reach building 05.13 where the event will be held. Parking is available on campus free of charge, but capacity is limited.<\/p>\n<p style=\"text-align: center;\">In case you plan to travel by taxi, please note that <strong>taxis are not allowed on campus<\/strong>. Hence, you will need to exit \/ enter your taxi at the main gate and walk to the venue. Walking distance is ca. 10-15 min.<\/p>\n<p>\u00a0<\/p>\n\n\n<div class=\"wp-block-image\">\n<figure class=\"aligncenter size-large\"><img loading=\"lazy\" decoding=\"async\" width=\"1024\" height=\"557\" src=\"https:\/\/er-c.org\/wp-content\/uploads\/2026\/05\/map-1024x557.png\" alt=\"\" class=\"wp-image-18774\" srcset=\"https:\/\/er-c.org\/wp-content\/uploads\/2026\/05\/map-1024x557.png 1024w, https:\/\/er-c.org\/wp-content\/uploads\/2026\/05\/map-300x163.png 300w, https:\/\/er-c.org\/wp-content\/uploads\/2026\/05\/map-768x418.png 768w, https:\/\/er-c.org\/wp-content\/uploads\/2026\/05\/map-1536x836.png 1536w, https:\/\/er-c.org\/wp-content\/uploads\/2026\/05\/map-2048x1114.png 2048w\" sizes=\"auto, (max-width: 1024px) 100vw, 1024px\" \/><\/figure>\n<\/div>\n\n\n<p style=\"text-align: center;\">In case you plan to travel by bus: the&nbsp;<strong>SB 20<\/strong>,&nbsp;<strong>SB 35<\/strong>&nbsp;and the&nbsp;<strong>220<\/strong>&nbsp;bus lines connect Forschungszentrum J\u00fclich to the local public transport system. Timetables are available here: <br><a href=\"https:\/\/avv.de\/de\/linienfahrplaene\">Linienfahrpl\u00e4ne &#8211; AVV<\/a><br>The closest Stop is \u201cFZJ Strahlenschutz\u201d (5 min walking distance), see below (blue dot is the venue, red dot is the bus stop).<\/p>\n\n\n<div class=\"wp-block-image\">\n<figure class=\"aligncenter size-medium\"><img loading=\"lazy\" decoding=\"async\" width=\"300\" height=\"269\" src=\"https:\/\/er-c.org\/wp-content\/uploads\/2025\/10\/Bus-Stop-300x269.png\" alt=\"\" class=\"wp-image-15763\" srcset=\"https:\/\/er-c.org\/wp-content\/uploads\/2025\/10\/Bus-Stop-300x269.png 300w, https:\/\/er-c.org\/wp-content\/uploads\/2025\/10\/Bus-Stop.png 757w\" sizes=\"auto, (max-width: 300px) 100vw, 300px\" \/><\/figure>\n<\/div><\/div><\/div>\n<\/div>\n<\/div>\n\n\n\n<div style=\"height:50px\" aria-hidden=\"true\" class=\"wp-block-spacer\"><\/div>\n","protected":false},"excerpt":{"rendered":"<p>The Electron Crystallography School in J\u00fclich follows the long tradition of educational events in the field of electron crystallography in Europe, coordinated by the Special Interest Group for Electron Crystallography (SIG4) of the European Crystallographic Association. This school will continue the traditions of previous schools, featuring foundational lectures, while adding a new focus on hands-on data collection at numerous electron microscopes and introducing data collection protocols in action. <\/p>\n","protected":false},"author":2,"featured_media":10428,"parent":18695,"menu_order":0,"comment_status":"closed","ping_status":"closed","template":"page-templates\/pagebuilder.php","meta":{"_themeisle_gutenberg_block_has_review":false,"footnotes":""},"class_list":["post-18793","page","type-page","status-publish","has-post-thumbnail","hentry"],"_links":{"self":[{"href":"https:\/\/er-c.org\/index.php\/wp-json\/wp\/v2\/pages\/18793","targetHints":{"allow":["GET"]}}],"collection":[{"href":"https:\/\/er-c.org\/index.php\/wp-json\/wp\/v2\/pages"}],"about":[{"href":"https:\/\/er-c.org\/index.php\/wp-json\/wp\/v2\/types\/page"}],"author":[{"embeddable":true,"href":"https:\/\/er-c.org\/index.php\/wp-json\/wp\/v2\/users\/2"}],"replies":[{"embeddable":true,"href":"https:\/\/er-c.org\/index.php\/wp-json\/wp\/v2\/comments?post=18793"}],"version-history":[{"count":2,"href":"https:\/\/er-c.org\/index.php\/wp-json\/wp\/v2\/pages\/18793\/revisions"}],"predecessor-version":[{"id":18796,"href":"https:\/\/er-c.org\/index.php\/wp-json\/wp\/v2\/pages\/18793\/revisions\/18796"}],"up":[{"embeddable":true,"href":"https:\/\/er-c.org\/index.php\/wp-json\/wp\/v2\/pages\/18695"}],"wp:featuredmedia":[{"embeddable":true,"href":"https:\/\/er-c.org\/index.php\/wp-json\/wp\/v2\/media\/10428"}],"wp:attachment":[{"href":"https:\/\/er-c.org\/index.php\/wp-json\/wp\/v2\/media?parent=18793"}],"curies":[{"name":"wp","href":"https:\/\/api.w.org\/{rel}","templated":true}]}}