{"id":15789,"date":"2025-10-11T22:52:48","date_gmt":"2025-10-11T22:52:48","guid":{"rendered":"https:\/\/er-c.org\/?page_id=15789"},"modified":"2025-11-28T10:09:59","modified_gmt":"2025-11-28T10:09:59","slug":"wem-2025-media","status":"publish","type":"page","link":"https:\/\/er-c.org\/index.php\/conferences\/wem\/wem-2025-media\/","title":{"rendered":"WeM 2025 Media"},"content":{"rendered":"<div class=\"wp-block-image is-style-default ticss-0c2afe09\">\n<figure class=\"aligncenter size-large is-resized\"><img loading=\"lazy\" decoding=\"async\" width=\"1024\" height=\"274\" src=\"https:\/\/er-c.org\/wp-content\/uploads\/2025\/04\/Banner-endorsement5-1-1024x274.png\" alt=\"\" class=\"wp-image-10220\" style=\"width:1200px;height:undefinedpx\" srcset=\"https:\/\/er-c.org\/wp-content\/uploads\/2025\/04\/Banner-endorsement5-1-1024x274.png 1024w, https:\/\/er-c.org\/wp-content\/uploads\/2025\/04\/Banner-endorsement5-1-300x80.png 300w, https:\/\/er-c.org\/wp-content\/uploads\/2025\/04\/Banner-endorsement5-1-768x206.png 768w, https:\/\/er-c.org\/wp-content\/uploads\/2025\/04\/Banner-endorsement5-1-1536x411.png 1536w, https:\/\/er-c.org\/wp-content\/uploads\/2025\/04\/Banner-endorsement5-1-2048x548.png 2048w\" sizes=\"auto, (max-width: 1024px) 100vw, 1024px\" \/><\/figure>\n<\/div>\n\n\n<div class=\"wp-block-columns ticss-156af259 is-layout-flex wp-container-core-columns-is-layout-9d6595d7 wp-block-columns-is-layout-flex\">\n<div class=\"wp-block-column is-layout-flow wp-block-column-is-layout-flow\"><\/div>\n<\/div>\n\n\n\n<div class=\"wp-block-columns ticss-362fffb1 is-layout-flex wp-container-core-columns-is-layout-9d6595d7 wp-block-columns-is-layout-flex\">\n<div class=\"wp-block-column ticss-73121d5a is-layout-flow wp-block-column-is-layout-flow\">\n<h1 style=\"text-align: center;\">Media<\/h1>\n<p style=\"text-align: center;\" data-start=\"79\" data-end=\"288\">This page collects media coverage, articles, and reports about the <strong data-start=\"142\" data-end=\"180\">Women in Electron Microscopy Conference<\/strong>. If you know of additional publications or mentions of WeM, please contact our Conference Management <strong><a href=\"mailto:g.wilbs@fz-juelich.de\">Dr.-Ing. Genevieve Wilbs<\/a> <\/strong>so we can include them here.<\/p>\n\n\n\n<figure class=\"wp-block-embed aligncenter is-type-video is-provider-youtube wp-block-embed-youtube wp-embed-aspect-16-9 wp-has-aspect-ratio\"><div class=\"wp-block-embed__wrapper\">\n<iframe loading=\"lazy\" title=\"WeM 2025 - Women in Electron Microscopy\" width=\"900\" height=\"506\" src=\"https:\/\/www.youtube.com\/embed\/5SJnAC2qg-w?feature=oembed\" frameborder=\"0\" allow=\"accelerometer; autoplay; clipboard-write; encrypted-media; gyroscope; picture-in-picture; web-share\" referrerpolicy=\"strict-origin-when-cross-origin\" allowfullscreen><\/iframe>\n<\/div><\/figure>\n\n\n\n<p style=\"text-align: center;\" data-start=\"79\" data-end=\"288\">\u00a0<\/p>\n<ul>\n<li style=\"text-align: left;\" data-start=\"79\" data-end=\"288\"><a href=\"https:\/\/analyticalscience.wiley.com\/content\/magazine-do\/microscopy-and-analysis-3-2025\" target=\"_blank\" rel=\"noopener\">Announcement in Microscopy and Analysis Volume 39, Issue 3, Page 10<\/a><\/li>\n<li data-start=\"79\" data-end=\"288\"><a href=\"https:\/\/www.fz-juelich.de\/en\/news\/archive\/announcements\/2025\/spotlight-on-women-in-electron-microscopy-wem-2013-exchange-and-networking-event-at-forschungszentrum-julich\" target=\"_blank\" rel=\"noopener\">News Article on the website of Forschungszentrum J\u00fclich<\/a><\/li>\n<li data-start=\"79\" data-end=\"288\"><a href=\"https:\/\/www.thermofisher.com\/de\/de\/home\/electron-microscopy\/life-sciences\/learning-center\/women-in-cryo-em.html\" target=\"_blank\" rel=\"noopener\">Thermo Fisher Scientific Website<\/a><\/li>\n<li data-start=\"79\" data-end=\"288\"><a href=\"https:\/\/www.mpi-bremen.de\/Lauren-Queiss-gewinnt-Best-Poster-Award-bei-Women-in-Electron-Microscopy.html\" target=\"_blank\" rel=\"noopener\">Max-Planck-Institut f\u00fcr Marine Mikrobiologie<\/a><\/li>\n<li data-start=\"79\" data-end=\"288\">LinkedIn Posts\n<ul>\n<li data-start=\"79\" data-end=\"288\"><a href=\"https:\/\/www.linkedin.com\/posts\/forschungszentrum-julich_electronmicroscopy-womeninscience-genderequality-ugcPost-7382470431317860352-r7SW\/\" target=\"_blank\" rel=\"noopener\">Forschungszentrum J\u00fclich<\/a><\/li>\n<li data-start=\"79\" data-end=\"288\"><a href=\"https:\/\/www.linkedin.com\/posts\/hitachi-high-tech-europe_womeninmicroscopy-electronmicroscopy-wem2025-activity-7382369336797286400-8heH?utm_source=share&amp;utm_medium=member_desktop&amp;rcm=ACoAAA17TdwBnDOO5ao9LtivDnCQaXHc5ZWVDto\" target=\"_blank\" rel=\"noopener\">Hitachi High-Tech Europe<\/a><\/li>\n<li data-start=\"79\" data-end=\"288\"><a href=\"https:\/\/www.linkedin.com\/posts\/cryocloud_wem2025-womeninscience-cryocloud-activity-7381252484473778176-qEOy?utm_source=share&amp;utm_medium=member_desktop&amp;rcm=ACoAAA17TdwBnDOO5ao9LtivDnCQaXHc5ZWVDto\" target=\"_blank\" rel=\"noopener\">CryoCloud<\/a><\/li>\n<li data-start=\"79\" data-end=\"288\"><a href=\"https:\/\/www.linkedin.com\/posts\/nynke-albertine-krans_next-week-were-going-to-women-in-electron-activity-7379948958179074048-JT2J?utm_source=share&amp;utm_medium=member_desktop&amp;rcm=ACoAAA17TdwBnDOO5ao9LtivDnCQaXHc5ZWVDto\" target=\"_blank\" rel=\"noopener\">Protochips<\/a><\/li>\n<li data-start=\"79\" data-end=\"288\"><a href=\"https:\/\/www.linkedin.com\/posts\/quantum-detectors-ltd-_womeninscience-electronmicroscopy-quantumdetectors-activity-7381753637447942145-DUTv?utm_source=share&amp;utm_medium=member_desktop&amp;rcm=ACoAAA17TdwBnDOO5ao9LtivDnCQaXHc5ZWVDto\" target=\"_blank\" rel=\"noopener\">Quantum Detectors<\/a><\/li>\n<li data-start=\"79\" data-end=\"288\"><a href=\"https:\/\/www.linkedin.com\/posts\/activity-7383861346129375232-6jGW?utm_source=share&amp;utm_medium=member_desktop&amp;rcm=ACoAAA17TdwBnDOO5ao9LtivDnCQaXHc5ZWVDto\" target=\"_blank\" rel=\"noopener\">Saba Shahzad<\/a><\/li>\n<li data-start=\"79\" data-end=\"288\"><a href=\"https:\/\/www.linkedin.com\/posts\/nicole-amberg-42b39a14_science-quantumcomputer-impact-activity-7383795117561626624-Bizd?utm_source=share&amp;utm_medium=member_desktop&amp;rcm=ACoAAA17TdwBnDOO5ao9LtivDnCQaXHc5ZWVDto\" target=\"_blank\" rel=\"noopener\">Nicole Amberg<\/a><\/li>\n<li data-start=\"79\" data-end=\"288\"><a href=\"https:\/\/www.linkedin.com\/posts\/jin-won-seo-8b375567_electronmicroscopy-womeninscience-genderequality-activity-7384505939342663680-uR9o?utm_source=share&amp;utm_medium=member_desktop&amp;rcm=ACoAAA17TdwBnDOO5ao9LtivDnCQaXHc5ZWVDto\" target=\"_blank\" rel=\"noopener\">Maria Jin Won Seo<\/a><\/li>\n<li data-start=\"79\" data-end=\"288\"><a href=\"https:\/\/www.linkedin.com\/posts\/patricia-j-kooyman-a2799610_still-recuperating-from-an-emotionally-taxing-activity-7382855470652239872-c4EW?utm_source=share&amp;utm_medium=member_desktop&amp;rcm=ACoAAA17TdwBnDOO5ao9LtivDnCQaXHc5ZWVDto\" target=\"_blank\" rel=\"noopener\">Patricia Kooyman<\/a><\/li>\n<li data-start=\"79\" data-end=\"288\"><a href=\"https:\/\/www.linkedin.com\/posts\/sabrina-berkamp-35263532_wemconference2025-electronmicroscopy-womeninmicroscopy-activity-7384353257504002048-qNyA?utm_source=share&amp;utm_medium=member_desktop&amp;rcm=ACoAAA17TdwBnDOO5ao9LtivDnCQaXHc5ZWVDto\" target=\"_blank\" rel=\"noopener\">Sabrina Berkamp<\/a><\/li>\n<li data-start=\"79\" data-end=\"288\"><a href=\"https:\/\/www.linkedin.com\/posts\/meghna-gupta-10903b20_cryoem-wemconference2025-activity-7383659850381156352-00kO?utm_source=share&amp;utm_medium=member_desktop&amp;rcm=ACoAAA17TdwBnDOO5ao9LtivDnCQaXHc5ZWVDto\" target=\"_blank\" rel=\"noopener\">Meghna Gupta<\/a><\/li>\n<li data-start=\"79\" data-end=\"288\"><a href=\"https:\/\/www.linkedin.com\/posts\/patricia-jovi%C4%8Devi%C4%87-klug-591876153_wemconference2025-wemconference2025-cryogenictreatment-activity-7381951380288122880-vtiP?utm_source=share&amp;utm_medium=member_desktop&amp;rcm=ACoAAA17TdwBnDOO5ao9LtivDnCQaXHc5ZWVDto\" target=\"_blank\" rel=\"noopener\">Patricia Jovi\u010devi\u0107-Klug<\/a><\/li>\n<li data-start=\"79\" data-end=\"288\"><a href=\"https:\/\/www.linkedin.com\/posts\/g%C3%B6k%C3%A7en-%C3%B6zg%C3%BCn-phd-c-670b8b177_i-had-the-pleasure-of-attendingwomen-in-activity-7383015736199233536-D-C5?utm_source=share&amp;utm_medium=member_desktop&amp;rcm=ACoAAA17TdwBnDOO5ao9LtivDnCQaXHc5ZWVDto\" target=\"_blank\" rel=\"noopener\">G\u00f6k\u00e7en \u00d6zg\u00fcn<\/a><\/li>\n<li data-start=\"79\" data-end=\"288\"><a href=\"https:\/\/www.linkedin.com\/posts\/estrella-fern%C3%A1ndez-gim%C3%A9nez-2086529a_it-has-been-great-attending-the-1st-women-activity-7383480897582485505-AAwy?utm_source=share&amp;utm_medium=member_desktop&amp;rcm=ACoAAA17TdwBnDOO5ao9LtivDnCQaXHc5ZWVDto\" target=\"_blank\" rel=\"noopener\">Estrella Fernandez Gimenez<\/a><\/li>\n<li data-start=\"79\" data-end=\"288\"><a href=\"https:\/\/www.linkedin.com\/posts\/melissa-r%C3%B6hrig-95476b15a_wemconference2025-wemconference2025-cryogenictreatment-activity-7383468871019663360-lLRG?utm_source=share&amp;utm_medium=member_desktop&amp;rcm=ACoAAA17TdwBnDOO5ao9LtivDnCQaXHc5ZWVDto\" target=\"_blank\" rel=\"noopener\">Melissa R\u00f6hrig<\/a><\/li>\n<li data-start=\"79\" data-end=\"288\"><a href=\"https:\/\/www.linkedin.com\/posts\/trevabrownphd_motivationalthursday-thursdayinspiration-activity-7387194307209826304-e4C2?utm_source=share&amp;utm_medium=member_desktop&amp;rcm=ACoAAA17TdwBnDOO5ao9LtivDnCQaXHc5ZWVDto\" target=\"_blank\" rel=\"noopener\">Treva Brown<\/a><\/li>\n<li data-start=\"79\" data-end=\"288\"><a href=\"https:\/\/www.linkedin.com\/posts\/delnianazari_a-month-ago-i-had-the-chance-to-participate-activity-7389037963717812224-EpIH?utm_source=share&amp;utm_medium=member_desktop&amp;rcm=ACoAAA17TdwBnDOO5ao9LtivDnCQaXHc5ZWVDto\" target=\"_blank\" rel=\"noopener\">Delnia Nazari<\/a><\/li>\n<\/ul>\n<\/li>\n<\/ul>\n\n\n\n<div style=\"height:20px\" aria-hidden=\"true\" class=\"wp-block-spacer\"><\/div>\n<\/div>\n<\/div>\n\n\n\n<p><\/p>\n","protected":false},"excerpt":{"rendered":"<p>WeM in medi<\/p>\n","protected":false},"author":2,"featured_media":7839,"parent":9433,"menu_order":0,"comment_status":"closed","ping_status":"closed","template":"page-templates\/pagebuilder.php","meta":{"_themeisle_gutenberg_block_has_review":false,"footnotes":""},"class_list":["post-15789","page","type-page","status-publish","has-post-thumbnail","hentry"],"_links":{"self":[{"href":"https:\/\/er-c.org\/index.php\/wp-json\/wp\/v2\/pages\/15789","targetHints":{"allow":["GET"]}}],"collection":[{"href":"https:\/\/er-c.org\/index.php\/wp-json\/wp\/v2\/pages"}],"about":[{"href":"https:\/\/er-c.org\/index.php\/wp-json\/wp\/v2\/types\/page"}],"author":[{"embeddable":true,"href":"https:\/\/er-c.org\/index.php\/wp-json\/wp\/v2\/users\/2"}],"replies":[{"embeddable":true,"href":"https:\/\/er-c.org\/index.php\/wp-json\/wp\/v2\/comments?post=15789"}],"version-history":[{"count":13,"href":"https:\/\/er-c.org\/index.php\/wp-json\/wp\/v2\/pages\/15789\/revisions"}],"predecessor-version":[{"id":16980,"href":"https:\/\/er-c.org\/index.php\/wp-json\/wp\/v2\/pages\/15789\/revisions\/16980"}],"up":[{"embeddable":true,"href":"https:\/\/er-c.org\/index.php\/wp-json\/wp\/v2\/pages\/9433"}],"wp:featuredmedia":[{"embeddable":true,"href":"https:\/\/er-c.org\/index.php\/wp-json\/wp\/v2\/media\/7839"}],"wp:attachment":[{"href":"https:\/\/er-c.org\/index.php\/wp-json\/wp\/v2\/media?parent=15789"}],"curies":[{"name":"wp","href":"https:\/\/api.w.org\/{rel}","templated":true}]}}