{"id":15564,"date":"2025-09-29T12:11:05","date_gmt":"2025-09-29T12:11:05","guid":{"rendered":"https:\/\/er-c.org\/?page_id=15564"},"modified":"2025-09-29T12:28:17","modified_gmt":"2025-09-29T12:28:17","slug":"eels-venue-travel-information","status":"publish","type":"page","link":"https:\/\/er-c.org\/index.php\/conferences\/eels_school\/eels-venue-travel-information\/","title":{"rendered":"EELS Venue &#038; Travel Information"},"content":{"rendered":"<div class=\"wp-block-image is-style-default ticss-e801117e\">\n<figure class=\"aligncenter size-full is-resized\"><img loading=\"lazy\" decoding=\"async\" width=\"421\" height=\"113\" src=\"https:\/\/er-c.org\/wp-content\/uploads\/2025\/09\/Image-1.jpg\" alt=\"\" class=\"wp-image-15550\" style=\"width:1200px;height:undefinedpx\" srcset=\"https:\/\/er-c.org\/wp-content\/uploads\/2025\/09\/Image-1.jpg 421w, https:\/\/er-c.org\/wp-content\/uploads\/2025\/09\/Image-1-300x81.jpg 300w\" sizes=\"auto, (max-width: 421px) 100vw, 421px\" \/><\/figure>\n<\/div>\n\n\n<div class=\"wp-block-columns is-layout-flex wp-container-core-columns-is-layout-9d6595d7 wp-block-columns-is-layout-flex\">\n<div class=\"wp-block-column is-layout-flow wp-block-column-is-layout-flow\">\n<h1 style=\"text-align: center;\"><span style=\"color: #003399;\">EELS school<\/span><\/h1>\n<p style=\"text-align: center;\">A collaboration event provided by the Ernst Ruska-Centre together with Gatan Ametek.\u00a0<\/p>\n<hr \/>\n<p style=\"text-align: center;\"><span style=\"background-color: #abf589;\"><a style=\"background-color: #abf589;\" href=\"https:\/\/www.fz-juelich.de\/en\" target=\"_blank\" rel=\"noopener\"><span style=\"color: #003399;\"><strong>Venue: Forschungszentrum J\u00fclich (Germany)<\/strong><\/span><\/a><\/span><\/p>\n<p>\u00a0<\/p>\n\n\n<div class=\"wp-block-image\">\n<figure class=\"aligncenter size-large is-resized\"><a href=\"https:\/\/www.fz-juelich.de\/en\" target=\"_blank\" rel=\" noreferrer noopener\"><img loading=\"lazy\" decoding=\"async\" width=\"1024\" height=\"320\" src=\"https:\/\/er-c.org\/wp-content\/uploads\/2023\/11\/Luftbild-1024x320.jpg\" alt=\"\" class=\"wp-image-7639\" style=\"width:1200px\" srcset=\"https:\/\/er-c.org\/wp-content\/uploads\/2023\/11\/Luftbild-1024x320.jpg 1024w, https:\/\/er-c.org\/wp-content\/uploads\/2023\/11\/Luftbild-300x94.jpg 300w, https:\/\/er-c.org\/wp-content\/uploads\/2023\/11\/Luftbild-768x240.jpg 768w, https:\/\/er-c.org\/wp-content\/uploads\/2023\/11\/Luftbild-1536x480.jpg 1536w, https:\/\/er-c.org\/wp-content\/uploads\/2023\/11\/Luftbild.jpg 1600w\" sizes=\"auto, (max-width: 1024px) 100vw, 1024px\" \/><\/a><\/figure>\n<\/div>\n\n\n<div style=\"height:20px\" aria-hidden=\"true\" class=\"wp-block-spacer\"><\/div>\n\n\n\n<p style=\"text-align: center;\">J\u00fclich is situated in the triangle between Cologne, D\u00fcsseldorf and Aachen. If you travel by plane, D\u00fcsseldorf airport is usually the most convenient choice. From the railway station at the airport, we recommend to continue to D\u00fcren main station by train. Some trains go directly to D\u00fcren whereas other connections involve a change at Cologne main station. From D\u00fcren main station you can continue by bus to reach your hotel.<\/p>\n\n\n\n<div style=\"height:20px\" aria-hidden=\"true\" class=\"wp-block-spacer\"><\/div>\n<\/div>\n<\/div>\n\n\n<div style=\"height:300pxpx;\" class=\"wp-block-themeisle-blocks-leaflet-map\" id=\"wp-block-themeisle-blocks-leaflet-map-61872805\"><\/div>\n<script type=\"text\/javascript\">\n\t\/* <![CDATA[ *\/\n\t\tif ( ! window.themeisleLeafletMaps ) window.themeisleLeafletMaps =[];\n\t\twindow.themeisleLeafletMaps.push( { container: \"wp-block-themeisle-blocks-leaflet-map-61872805\", attributes: {\"id\":\"wp-block-themeisle-blocks-leaflet-map-61872805\",\"location\":\"Forschungszentrum J\\u00fclich\",\"latitude\":\"51.19999983412071\",\"longitude\":\"6.454467773437501\",\"bbox\":\"4.147338867187501,50.680797145321655,8.761596679687502,51.713416052417614\",\"zoom\":8,\"height\":\"300px\",\"markers\":[{\"id\":\"11375d3f-5752-4969-9baf-913019905d5f\",\"latitude\":50.90802585409309,\"longitude\":6.414749622344972,\"title\":\"ER-C\",\"description\":\"\",\"location\":\"Forschungszentrum J\\u00fclich\"}],\"zoomControl\":true,\"draggable\":true,\"extended_widget_opts_block\":{},\"extended_widget_opts\":{},\"extended_widget_opts_state\":\"\",\"extended_widget_opts_clientid\":\"\",\"dateUpdated\":\"\",\"hasCustomCSS\":false,\"customCSS\":\"\",\"otterConditions\":[]} } );\n\t\/* ]]> *\/\n<\/script>\n\n\n\n<div style=\"height:50px\" aria-hidden=\"true\" class=\"wp-block-spacer\"><\/div>\n\n\n<div class=\"wp-block-image\">\n<figure class=\"aligncenter size-medium\"><img loading=\"lazy\" decoding=\"async\" width=\"300\" height=\"146\" src=\"https:\/\/er-c.org\/wp-content\/uploads\/2025\/09\/Logo-300x146.png\" alt=\"\" class=\"wp-image-15554\" srcset=\"https:\/\/er-c.org\/wp-content\/uploads\/2025\/09\/Logo-300x146.png 300w, https:\/\/er-c.org\/wp-content\/uploads\/2025\/09\/Logo-768x372.png 768w, https:\/\/er-c.org\/wp-content\/uploads\/2025\/09\/Logo.png 1000w\" sizes=\"auto, (max-width: 300px) 100vw, 300px\" \/><\/figure>\n<\/div>","protected":false},"excerpt":{"rendered":"<p>learn best practices to set up and optimize your electron energy-loss spectroscopy (EELS) studies<\/p>\n","protected":false},"author":2,"featured_media":15550,"parent":15548,"menu_order":0,"comment_status":"closed","ping_status":"closed","template":"page-templates\/pagebuilder.php","meta":{"_themeisle_gutenberg_block_has_review":false,"footnotes":""},"class_list":["post-15564","page","type-page","status-publish","has-post-thumbnail","hentry"],"_links":{"self":[{"href":"https:\/\/er-c.org\/index.php\/wp-json\/wp\/v2\/pages\/15564","targetHints":{"allow":["GET"]}}],"collection":[{"href":"https:\/\/er-c.org\/index.php\/wp-json\/wp\/v2\/pages"}],"about":[{"href":"https:\/\/er-c.org\/index.php\/wp-json\/wp\/v2\/types\/page"}],"author":[{"embeddable":true,"href":"https:\/\/er-c.org\/index.php\/wp-json\/wp\/v2\/users\/2"}],"replies":[{"embeddable":true,"href":"https:\/\/er-c.org\/index.php\/wp-json\/wp\/v2\/comments?post=15564"}],"version-history":[{"count":3,"href":"https:\/\/er-c.org\/index.php\/wp-json\/wp\/v2\/pages\/15564\/revisions"}],"predecessor-version":[{"id":15575,"href":"https:\/\/er-c.org\/index.php\/wp-json\/wp\/v2\/pages\/15564\/revisions\/15575"}],"up":[{"embeddable":true,"href":"https:\/\/er-c.org\/index.php\/wp-json\/wp\/v2\/pages\/15548"}],"wp:featuredmedia":[{"embeddable":true,"href":"https:\/\/er-c.org\/index.php\/wp-json\/wp\/v2\/media\/15550"}],"wp:attachment":[{"href":"https:\/\/er-c.org\/index.php\/wp-json\/wp\/v2\/media?parent=15564"}],"curies":[{"name":"wp","href":"https:\/\/api.w.org\/{rel}","templated":true}]}}