{"id":14965,"date":"2025-08-07T08:41:49","date_gmt":"2025-08-07T08:41:49","guid":{"rendered":"https:\/\/er-c.org\/?page_id=14965"},"modified":"2025-08-07T11:06:24","modified_gmt":"2025-08-07T11:06:24","slug":"nachwuchsforderung","status":"publish","type":"page","link":"https:\/\/er-c.org\/index.php\/institute\/nachwuchsforderung\/","title":{"rendered":"Nachwuchsf\u00f6rderung"},"content":{"rendered":"<div class=\"wp-block-image is-style-default ticss-0f0fe511\">\n<figure class=\"aligncenter size-large is-resized\"><img loading=\"lazy\" decoding=\"async\" width=\"1024\" height=\"534\" src=\"https:\/\/er-c.org\/wp-content\/uploads\/2025\/08\/evolve-1024x534.png\" alt=\"\" class=\"wp-image-14993\" style=\"width:1200px;height:undefinedpx\" srcset=\"https:\/\/er-c.org\/wp-content\/uploads\/2025\/08\/evolve-1024x534.png 1024w, https:\/\/er-c.org\/wp-content\/uploads\/2025\/08\/evolve-300x156.png 300w, https:\/\/er-c.org\/wp-content\/uploads\/2025\/08\/evolve-768x400.png 768w, https:\/\/er-c.org\/wp-content\/uploads\/2025\/08\/evolve-1536x801.png 1536w, https:\/\/er-c.org\/wp-content\/uploads\/2025\/08\/evolve.png 1594w\" sizes=\"auto, (max-width: 1024px) 100vw, 1024px\" \/><\/figure>\n<\/div>\n\n\n<div style=\"height:25px\" aria-hidden=\"true\" class=\"wp-block-spacer\"><\/div>\n\n\n<div\n\t\t\t\n\t\t\tclass=\"so-widget-sow-headline so-widget-sow-headline-default-0e914e20c7cc\"\n\t\t\t\n\t\t><div class=\"sow-headline-container \">\n\t\t\t\t\t\t\t<h1 class=\"sow-headline\">\n\t\t\t\t\t\tNachwuchsf\u00f6rderung\t\t\t\t\t\t<\/h1>\n\t\t\t\t\t\t<\/div>\n<\/div>\t\t\t\t<style type=\"text\/css\">.so-widget-sow-headline-default-0e914e20c7cc .sow-headline-container h1.sow-headline {\n  \n  text-align: center;\n  \n  line-height: 1.4em;\n  \n  \n  \n}\n@media (max-width: 780px) {\n  .so-widget-sow-headline-default-0e914e20c7cc .sow-headline-container h1.sow-headline {\n    text-align: center;\n  }\n}\n.so-widget-sow-headline-default-0e914e20c7cc .sow-headline-container h3.sow-sub-headline {\n  \n  text-align: center;\n  \n  line-height: 1.4em;\n  \n  \n  \n}\n@media (max-width: 780px) {\n  .so-widget-sow-headline-default-0e914e20c7cc .sow-headline-container h3.sow-sub-headline {\n    text-align: center;\n  }\n}\n.so-widget-sow-headline-default-0e914e20c7cc .sow-headline-container .decoration {\n  line-height: 0em;\n  text-align: center;\n  margin-top: 20px;\n  margin-bottom: 20px;\n}\n@media (max-width: 780px) {\n  .so-widget-sow-headline-default-0e914e20c7cc .sow-headline-container .decoration {\n    text-align: center;\n  }\n}\n.so-widget-sow-headline-default-0e914e20c7cc .sow-headline-container .decoration .decoration-inside {\n  height: 1px;\n  display: inline-block;\n  border-top: 1px none #eeeeee;\n  width: 100%;\n  max-width: 80%;\n}\n.so-widget-sow-headline-default-0e914e20c7cc .sow-headline-container *:first-child {\n  margin-top: 0 !important;\n}\n.so-widget-sow-headline-default-0e914e20c7cc .sow-headline-container *:last-child {\n  margin-bottom: 0 !important;\n}<\/style>\n\t\t\t\t\n\n\n<hr>\n<p style=\"text-align: center;\">Das Ernst Ruska-Centrum f\u00fcr Mikroskopie und Spektroskopie mit Elektronen (ER-C) engagiert sich aktiv in der F\u00f6rderung des wissenschaftlichen Nachwuchses. In enger Kooperation mit dem JuLab, zahlreichen Instituten des Forschungszentrums J\u00fclich, sowie externen Partnern bieten wir praxisnahe Einblicke in die Forschung sowie fundierte Orientierungsm\u00f6glichkeiten f\u00fcr Sch\u00fclerInnen<em>, <\/em>Studierende und AbsolventInnen. Unsere Programme richten sich an interessierte junge Menschen ab der Grundschule bis hin bis hin zum Studium auf Master-Niveau an Universit\u00e4ten und erm\u00f6glichen eine direkte Begegnung mit der Welt der Elektronenmikroskopie.<\/p>\n<p style=\"text-align: center;\">F\u00fcr Fragen und Informationen steht Ihnen Frau <strong>Lidia Kibkalo<\/strong>, Koordinatorin f\u00fcr Bildungsaktivit\u00e4ten am ER-C-1, gerne zur Verf\u00fcgung: <a href=\"mailto:l.kibkalo@fz-juelich.de\" target=\"_blank\" rel=\"noopener\"><strong>l.kibkalo@fz-juelich.de<\/strong><\/a><\/p>\n<hr>\n\n\n\n<div class=\"wp-block-columns has-background is-layout-flex wp-container-core-columns-is-layout-9d6595d7 wp-block-columns-is-layout-flex\" style=\"background-color:#ebebeb\">\n<div class=\"wp-block-column is-layout-flow wp-block-column-is-layout-flow\"><div class=\"wp-block-image\">\n<figure class=\"aligncenter size-full is-resized\"><img loading=\"lazy\" decoding=\"async\" width=\"11232\" height=\"9966\" src=\"https:\/\/er-c.org\/wp-content\/uploads\/2025\/08\/Grundschule2-1.jpg\" alt=\"\" class=\"wp-image-14974\" style=\"object-fit:cover;width:500px;height:500px\"\/><\/figure>\n<\/div>\n\n\n<h3><strong>Entdeckertage Elektronenmikroskopie<\/strong><\/h3>\n<p>Einf\u00fchrung in die Grundlagen der Elektronenmikroskopie mit altersgerechten Experimenten und praktischen Einblicken, inklusive der Untersuchung biologischer und technischer Proben.<\/p>\n<p><strong>Zielgruppe:<\/strong> Grundschule (ab Klasse 4) und weiterf\u00fchrende Schulen bis Abitur<\/p>\n<p><strong>Dauer:<\/strong> 1 Tag (Projekttag)<\/p>\n<\/div>\n\n\n\n<div class=\"wp-block-column is-layout-flow wp-block-column-is-layout-flow\"><div class=\"wp-block-image\">\n<figure class=\"aligncenter size-full is-resized\"><img loading=\"lazy\" decoding=\"async\" width=\"13488\" height=\"17982\" src=\"https:\/\/er-c.org\/wp-content\/uploads\/2025\/08\/Berufsorientierung.jpg\" alt=\"\" class=\"wp-image-14978\" style=\"object-fit:cover;width:500px;height:500px\"\/><\/figure>\n<\/div>\n\n\n<h3><strong>Berufsorientierungspraktikum<\/strong><\/h3>\n<p><strong>&nbsp;<\/strong>Vertiefte praktische Einblicke in die Elektronenmikroskopie, inklusive der Herstellung ultrad\u00fcnner Proben f\u00fcr TEM-Untersuchungen.<\/p>\n<p><strong>Zielgruppe:<\/strong> Sch\u00fclerInnen ab Klasse 10 (Sekundarstufe II)<\/p>\n<p><strong>Dauer:<\/strong> 1 \u2013 3 Wochen<\/p>\n<\/div>\n\n\n\n<div class=\"wp-block-column is-layout-flow wp-block-column-is-layout-flow\">\n<div class=\"wp-block-group\"><div class=\"wp-block-group__inner-container is-layout-constrained wp-block-group-is-layout-constrained\"><div class=\"wp-block-image\">\n<figure class=\"aligncenter size-full is-resized\"><img loading=\"lazy\" decoding=\"async\" width=\"2099\" height=\"2099\" src=\"https:\/\/er-c.org\/wp-content\/uploads\/2025\/08\/Abitur-edited.jpg\" alt=\"\" class=\"wp-image-14985\" style=\"object-fit:cover;width:500px;height:500px\" srcset=\"https:\/\/er-c.org\/wp-content\/uploads\/2025\/08\/Abitur-edited.jpg 2099w, https:\/\/er-c.org\/wp-content\/uploads\/2025\/08\/Abitur-edited-300x300.jpg 300w, https:\/\/er-c.org\/wp-content\/uploads\/2025\/08\/Abitur-edited-1024x1024.jpg 1024w, https:\/\/er-c.org\/wp-content\/uploads\/2025\/08\/Abitur-edited-150x150.jpg 150w, https:\/\/er-c.org\/wp-content\/uploads\/2025\/08\/Abitur-edited-768x768.jpg 768w, https:\/\/er-c.org\/wp-content\/uploads\/2025\/08\/Abitur-edited-1536x1536.jpg 1536w, https:\/\/er-c.org\/wp-content\/uploads\/2025\/08\/Abitur-edited-2048x2048.jpg 2048w, https:\/\/er-c.org\/wp-content\/uploads\/2025\/08\/Abitur-edited-375x375.jpg 375w\" sizes=\"auto, (max-width: 2099px) 100vw, 2099px\" \/><\/figure>\n<\/div><\/div><\/div>\n\n\n\n<h3><strong>Freiwillige Praktika nach dem Abitur<\/strong><\/h3>\n<p>Einblicke in EM-Techniken und Laborarbeit, zur Orientierung vor Studium oder Ausbildung.<\/p>\n<p><strong>Zielgruppe:<\/strong> AbiturientInnen<\/p>\n<p><strong>Dauer<\/strong>: 2 \u2013 4 Wochen.<\/p>\n<\/div>\n<\/div>\n\n\n\n<div class=\"wp-block-columns has-background is-layout-flex wp-container-core-columns-is-layout-9d6595d7 wp-block-columns-is-layout-flex\" style=\"background-color:#ebebeb\">\n<div class=\"wp-block-column is-layout-flow wp-block-column-is-layout-flow\">\n<div class=\"wp-block-group\"><div class=\"wp-block-group__inner-container is-layout-constrained wp-block-group-is-layout-constrained\"><div class=\"wp-block-image\">\n<figure class=\"aligncenter size-full is-resized\"><img loading=\"lazy\" decoding=\"async\" width=\"1778\" height=\"1778\" src=\"https:\/\/er-c.org\/wp-content\/uploads\/2025\/08\/Studierende-edited.jpg\" alt=\"\" class=\"wp-image-14989\" style=\"object-fit:cover;width:500px;height:500px\" srcset=\"https:\/\/er-c.org\/wp-content\/uploads\/2025\/08\/Studierende-edited.jpg 1778w, https:\/\/er-c.org\/wp-content\/uploads\/2025\/08\/Studierende-edited-300x300.jpg 300w, https:\/\/er-c.org\/wp-content\/uploads\/2025\/08\/Studierende-edited-1024x1024.jpg 1024w, https:\/\/er-c.org\/wp-content\/uploads\/2025\/08\/Studierende-edited-150x150.jpg 150w, https:\/\/er-c.org\/wp-content\/uploads\/2025\/08\/Studierende-edited-768x768.jpg 768w, https:\/\/er-c.org\/wp-content\/uploads\/2025\/08\/Studierende-edited-1536x1536.jpg 1536w, https:\/\/er-c.org\/wp-content\/uploads\/2025\/08\/Studierende-edited-375x375.jpg 375w\" sizes=\"auto, (max-width: 1778px) 100vw, 1778px\" \/><\/figure>\n<\/div><\/div><\/div>\n\n\n\n<h3><strong>Pflicht- und freiwillige Praktika f\u00fcr Studierende<\/strong><\/h3>\n<p>Studierende erhalten bei uns die M\u00f6glichkeit, aktiv an vielf\u00e4ltigen wissenschaftlichen Projekten mitzuwirken. Neben der Probenpr\u00e4paration umfasst die Mitarbeit auch experimentelle Untersuchungen, Datenanalyse sowie die Anwendung moderner Elektronenmikroskopie-Techniken.<\/p>\n<p><strong>Zielgruppe:<\/strong> Studierende<\/p>\n<p><strong>Dauer:<\/strong> Nach Absprache<\/p>\n<\/div>\n\n\n\n<div class=\"wp-block-column is-layout-flow wp-block-column-is-layout-flow\">\n<div class=\"wp-block-group\"><div class=\"wp-block-group__inner-container is-layout-constrained wp-block-group-is-layout-constrained\"><div class=\"wp-block-image\">\n<figure class=\"aligncenter size-full is-resized\"><img loading=\"lazy\" decoding=\"async\" width=\"454\" height=\"454\" src=\"https:\/\/er-c.org\/wp-content\/uploads\/2025\/08\/Abschlussarbeiten-edited.jpg\" alt=\"\" class=\"wp-image-14991\" style=\"object-fit:cover;width:500px;height:500px\" srcset=\"https:\/\/er-c.org\/wp-content\/uploads\/2025\/08\/Abschlussarbeiten-edited.jpg 454w, https:\/\/er-c.org\/wp-content\/uploads\/2025\/08\/Abschlussarbeiten-edited-300x300.jpg 300w, https:\/\/er-c.org\/wp-content\/uploads\/2025\/08\/Abschlussarbeiten-edited-150x150.jpg 150w, https:\/\/er-c.org\/wp-content\/uploads\/2025\/08\/Abschlussarbeiten-edited-375x375.jpg 375w\" sizes=\"auto, (max-width: 454px) 100vw, 454px\" \/><\/figure>\n<\/div><\/div><\/div>\n\n\n\n<h3><strong>Bachelor- und Masterarbeiten<\/strong><\/h3>\n<p>Betreuung und Durchf\u00fchrung experimenteller Abschlussarbeiten mit Fokus auf Elektronenmikroskopie und Materialanalytik.<\/p>\n<p><strong>Zielgruppe<\/strong>: Bachelor- und Masterstudierende<\/p>\n<p><strong>Dauer<\/strong>: nach Absprache<\/p>\n<\/div>\n<\/div>\n\n\n\n<div style=\"height:20px\" aria-hidden=\"true\" class=\"wp-block-spacer\"><\/div>\n","protected":false},"excerpt":{"rendered":"<p>Das Ernst Ruska-Centrum f\u00fcr Mikroskopie und Spektroskopie mit Elektronen (ER-C) engagiert sich aktiv in der F\u00f6rderung des wissenschaftlichen Nachwuchses. In enger Kooperation mit dem JuLab, zahlreichen Instituten des Forschungszentrums J\u00fclich, sowie externen Partnern bieten wir praxisnahe Einblicke in die Forschung sowie fundierte Orientierungsm\u00f6glichkeiten f\u00fcr Sch\u00fclerInnen, Studierende und AbsolventInnen. <\/p>\n","protected":false},"author":2,"featured_media":14974,"parent":7628,"menu_order":0,"comment_status":"closed","ping_status":"closed","template":"page-templates\/pagebuilder.php","meta":{"_themeisle_gutenberg_block_has_review":false,"footnotes":""},"class_list":["post-14965","page","type-page","status-publish","has-post-thumbnail","hentry"],"_links":{"self":[{"href":"https:\/\/er-c.org\/index.php\/wp-json\/wp\/v2\/pages\/14965","targetHints":{"allow":["GET"]}}],"collection":[{"href":"https:\/\/er-c.org\/index.php\/wp-json\/wp\/v2\/pages"}],"about":[{"href":"https:\/\/er-c.org\/index.php\/wp-json\/wp\/v2\/types\/page"}],"author":[{"embeddable":true,"href":"https:\/\/er-c.org\/index.php\/wp-json\/wp\/v2\/users\/2"}],"replies":[{"embeddable":true,"href":"https:\/\/er-c.org\/index.php\/wp-json\/wp\/v2\/comments?post=14965"}],"version-history":[{"count":10,"href":"https:\/\/er-c.org\/index.php\/wp-json\/wp\/v2\/pages\/14965\/revisions"}],"predecessor-version":[{"id":14994,"href":"https:\/\/er-c.org\/index.php\/wp-json\/wp\/v2\/pages\/14965\/revisions\/14994"}],"up":[{"embeddable":true,"href":"https:\/\/er-c.org\/index.php\/wp-json\/wp\/v2\/pages\/7628"}],"wp:featuredmedia":[{"embeddable":true,"href":"https:\/\/er-c.org\/index.php\/wp-json\/wp\/v2\/media\/14974"}],"wp:attachment":[{"href":"https:\/\/er-c.org\/index.php\/wp-json\/wp\/v2\/media?parent=14965"}],"curies":[{"name":"wp","href":"https:\/\/api.w.org\/{rel}","templated":true}]}}