{"id":10474,"date":"2025-05-23T19:46:30","date_gmt":"2025-05-23T19:46:30","guid":{"rendered":"https:\/\/er-c.org\/?page_id=10474"},"modified":"2026-02-20T21:09:14","modified_gmt":"2026-02-20T21:09:14","slug":"wise-cryst-2026-venue-travel-information","status":"publish","type":"page","link":"https:\/\/er-c.org\/index.php\/conferences\/wise-cryst-2026\/wise-cryst-2026-venue-travel-information\/","title":{"rendered":"WiSE-Cryst 2026 Venue &#038; Travel Information"},"content":{"rendered":"<div class=\"wp-block-image is-style-default ticss-e801117e\">\n<figure class=\"aligncenter size-large is-resized\"><img loading=\"lazy\" decoding=\"async\" width=\"1024\" height=\"181\" src=\"https:\/\/er-c.org\/wp-content\/uploads\/2025\/05\/image-cropped-3-1024x181.jpg\" alt=\"\" class=\"wp-image-10456\" style=\"width:1200px;height:undefinedpx\" srcset=\"https:\/\/er-c.org\/wp-content\/uploads\/2025\/05\/image-cropped-3-1024x181.jpg 1024w, https:\/\/er-c.org\/wp-content\/uploads\/2025\/05\/image-cropped-3-300x53.jpg 300w, https:\/\/er-c.org\/wp-content\/uploads\/2025\/05\/image-cropped-3-768x135.jpg 768w, https:\/\/er-c.org\/wp-content\/uploads\/2025\/05\/image-cropped-3.jpg 1282w\" sizes=\"auto, (max-width: 1024px) 100vw, 1024px\" \/><\/figure>\n<\/div>\n\n\n<div class=\"wp-block-columns is-layout-flex wp-container-core-columns-is-layout-9d6595d7 wp-block-columns-is-layout-flex\">\n<div class=\"wp-block-column is-layout-flow wp-block-column-is-layout-flow\">\n<h1 style=\"text-align: center;\">WiSE-Cryst 2026<br>Winter School on Electron Crystallography<\/h1>\n<hr>\n<p style=\"text-align: center;\"><span style=\"background-color: #588969;\"><a style=\"background-color: #588969;\" href=\"https:\/\/www.fz-juelich.de\/en\" target=\"_blank\" rel=\"noopener\"><span style=\"color: #003399;\"><strong>&nbsp;<span style=\"color: #ffffff;\">Venue: Forschungszentrum J\u00fclich (Germany)&nbsp;<\/span><\/strong><\/span><\/a><\/span><\/p>\n<p>&nbsp;<\/p>\n\n\n<div class=\"wp-block-image\">\n<figure class=\"aligncenter size-large is-resized\"><a href=\"https:\/\/www.fz-juelich.de\/en\" target=\"_blank\" rel=\" noreferrer noopener\"><img loading=\"lazy\" decoding=\"async\" width=\"1024\" height=\"320\" src=\"https:\/\/er-c.org\/wp-content\/uploads\/2023\/11\/Luftbild-1024x320.jpg\" alt=\"\" class=\"wp-image-7639\" style=\"width:1200px\" srcset=\"https:\/\/er-c.org\/wp-content\/uploads\/2023\/11\/Luftbild-1024x320.jpg 1024w, https:\/\/er-c.org\/wp-content\/uploads\/2023\/11\/Luftbild-300x94.jpg 300w, https:\/\/er-c.org\/wp-content\/uploads\/2023\/11\/Luftbild-768x240.jpg 768w, https:\/\/er-c.org\/wp-content\/uploads\/2023\/11\/Luftbild-1536x480.jpg 1536w, https:\/\/er-c.org\/wp-content\/uploads\/2023\/11\/Luftbild.jpg 1600w\" sizes=\"auto, (max-width: 1024px) 100vw, 1024px\" \/><\/a><\/figure>\n<\/div>\n\n\n<p style=\"text-align: center;\"><span class=\"ds3\"><span class=\"ds26\">Our WiSE-Cryst School will be held at <\/span><span class=\"ds26\">Forschungszentrum J\u00fclich (FZJ) in Germany<\/span><\/span><span class=\"ds3\"><span class=\"ds26\">. The FZJ is one of the largest interdisciplinary research centres in Europe and a founding member of the Helmholtz Association.<\/span><\/span><\/p>\n<p style=\"text-align: center;\"><strong>Please note that access to the campus is possible only by providing a valid passport or ID card. <\/strong><br><br>Detailed information on how to reach us is available on the <strong><a href=\"https:\/\/www.fz-juelich.de\/en\/about-us\/contact-visitor-information\/how-to-reach-us\" target=\"_blank\" rel=\"noopener\">FZJ Homepage<\/a>.<\/strong><\/p>\n\n\n\n<div class=\"wp-block-group\"><div class=\"wp-block-group__inner-container is-layout-constrained wp-block-group-is-layout-constrained\">\n<p style=\"text-align: center;\">J\u00fclich is situated in the triangle between Cologne, D\u00fcsseldorf and Aachen. If you travel by plane, D\u00fcsseldorf airport is usually the most convenient choice. From the railway station at the airport, we recommend to continue to D\u00fcren main station by train. Some trains go directly to D\u00fcren whereas other connections involve a change at Cologne main station. From D\u00fcren main station you can continue by bus to reach your hotel.<\/p>\n<p style=\"text-align: center;\">For the school participants, rooms are available at the <span style=\"color: #ffffff; background-color: #588969;\"><strong>&nbsp;\u201c<a style=\"color: #ffffff; background-color: #588969;\" href=\"https:\/\/www.hotel-bb.com\/en\/hotel\/dueren\" target=\"_blank\" rel=\"noopener\">B&amp;B Hotel D\u00fcren<\/a>\u201c <\/strong><\/span>. Please use the keyword &#8220;ELECTRA&#8221; when making your reservation either via email (dueren@hotelbb.com) or telephone (0049 2421 1219790).&nbsp; <span style=\"background-color: #588969; color: #ffffff;\">Rooms must be booked by December 1st, 2025 <\/span>. Please note that there are only a few hotels in the area, and rooms tend to book out very quickly. Therefore, we strongly encourage you to arrange your accommodation as soon as possible.<\/p>\n<p style=\"text-align: center;\">Traveling to \/ from the Hotel has to be organized and paid at your own expenses. But we will organize a shuttle bus that will pick you up at the B&amp;B Hotel in the morning and will bring you back in the evening. The bus schedule is as follows:<\/p>\n<table width=\"779\">\n<tbody>\n<tr>\n<td width=\"112\">\n<p><b>Date<\/b><\/p>\n<\/td>\n<td width=\"114\">\n<p><b>Time<\/b><\/p>\n<\/td>\n<td width=\"268\">\n<p><b>Meeting Point<\/b><\/p>\n<\/td>\n<td width=\"285\">\n<p><b>Destination<\/b><\/p>\n<\/td>\n<\/tr>\n<tr>\n<td width=\"112\">\n<p><b>March 02<\/b><\/p>\n<\/td>\n<td width=\"114\">\n<p>08:00 AM<\/p>\n<\/td>\n<td width=\"268\">\n<p>In front of Hotel B&amp;B<\/p>\n<\/td>\n<td width=\"285\">\n<p>Forschungszentrum J\u00fclich building 05.13<\/p>\n<\/td>\n<\/tr>\n<tr>\n<td width=\"112\">\n<p><b>March 02<\/b><\/p>\n<\/td>\n<td width=\"114\">\n<p>07:00 PM<\/p>\n<\/td>\n<td width=\"268\">\n<p>Forschungszentrum J\u00fclich building 05.13<\/p>\n<\/td>\n<td width=\"285\">\n<p>Hotel B&amp;B<\/p>\n<\/td>\n<\/tr>\n<tr>\n<td width=\"112\">\n<p><b>March 03<\/b><\/p>\n<\/td>\n<td width=\"114\">\n<p>08:00 AM<\/p>\n<\/td>\n<td width=\"268\">\n<p>In front of Hotel B&amp;B<\/p>\n<\/td>\n<td width=\"285\">\n<p>Forschungszentrum J\u00fclich building 05.13<\/p>\n<\/td>\n<\/tr>\n<tr>\n<td width=\"112\">\n<p><b>March 03<\/b><\/p>\n<\/td>\n<td width=\"114\">\n<p>05:30 PM<\/p>\n<\/td>\n<td width=\"268\">\n<p>Forschungszentrum J\u00fclich building 05.13<\/p>\n<\/td>\n<td width=\"285\">\n<p>Hotel B&amp;B<\/p>\n<\/td>\n<\/tr>\n<tr>\n<td width=\"112\">\n<p><b>March 04<\/b><\/p>\n<\/td>\n<td width=\"114\">\n<p>08:00 AM<\/p>\n<\/td>\n<td width=\"268\">\n<p>In front of Hotel B&amp;B<\/p>\n<\/td>\n<td width=\"285\">\n<p>Forschungszentrum J\u00fclich building 05.13<\/p>\n<\/td>\n<\/tr>\n<tr>\n<td width=\"112\">\n<p><b>March 04<\/b><\/p>\n<\/td>\n<td width=\"114\">\n<p>05:30 PM<\/p>\n<\/td>\n<td width=\"268\">\n<p>Forschungszentrum J\u00fclich building 05.13<\/p>\n<\/td>\n<td width=\"285\">\n<p>Hotel B&amp;B<\/p>\n<\/td>\n<\/tr>\n<tr>\n<td width=\"112\">\n<p><b>March 05<\/b><\/p>\n<\/td>\n<td width=\"114\">\n<p>08:00 AM<\/p>\n<\/td>\n<td width=\"268\">\n<p>In front of Hotel B&amp;B<\/p>\n<\/td>\n<td width=\"285\">\n<p>Forschungszentrum J\u00fclich building 05.13<\/p>\n<\/td>\n<\/tr>\n<tr>\n<td width=\"112\">\n<p><b>March 05<\/b><\/p>\n<\/td>\n<td width=\"114\">\n<p>05:30 PM<\/p>\n<\/td>\n<td width=\"268\">\n<p>Forschungszentrum J\u00fclich building 05.13<\/p>\n<\/td>\n<td width=\"285\">\n<p>Restaurant TimberJacks D\u00fcren<\/p>\n<\/td>\n<\/tr>\n<tr>\n<td width=\"112\">\n<p><b>March 06<\/b><\/p>\n<\/td>\n<td width=\"114\">\n<p>08:00 AM<\/p>\n<\/td>\n<td width=\"268\">\n<p>In front of Hotel B&amp;B<\/p>\n<\/td>\n<td width=\"285\">\n<p>Forschungszentrum J\u00fclich building 05.13<\/p>\n<\/td>\n<\/tr>\n<tr>\n<td width=\"112\">\n<p><b>March 06<\/b><\/p>\n<\/td>\n<td width=\"114\">\n<p>02:15 PM<\/p>\n<\/td>\n<td width=\"268\">\n<p>Forschungszentrum J\u00fclich building 05.13<\/p>\n<\/td>\n<td width=\"285\">\n<p>D\u00fcren Main Station<\/p>\n<p>&amp; Hotel B&amp;B<\/p>\n<\/td>\n<\/tr>\n<\/tbody>\n<\/table>\n<p style=\"text-align: center;\">In case you arrive individually, you can use our <a href=\"https:\/\/www.site.guide\/SiteGuide\/?c=62537a625167376f335775494c656a4b6772577261413d3d&amp;mode=desktop&amp;tagbundle=567&amp;focus_tag=33381\" target=\"_blank\" rel=\"noopener\">interactive site map<\/a> to navigate on our campus. The lectures will be held in <strong>building 05.13<\/strong>.<\/p>\n<p style=\"text-align: center;\">If you travel by car, you can enter the campus through the main gate at \u201cWilhlem-Johnen-Stra\u00dfe\u201d. Follow the route indicated in the image below to reach building 05.13 where the event will be held. Parking is available on campus free of charge, but capacity is limited.<\/p>\n<p style=\"text-align: center;\">In case you plan to travel by taxi, please note that <strong>taxis are not allowed on campus<\/strong>. Hence, you will need to exit \/ enter your taxi at the main gate and walk to the venue. Walking distance is ca. 10-15 min.<\/p>\n<p>&nbsp;<\/p>\n\n\n<div class=\"wp-block-image\">\n<figure class=\"aligncenter size-large\"><img loading=\"lazy\" decoding=\"async\" width=\"1024\" height=\"530\" src=\"https:\/\/er-c.org\/wp-content\/uploads\/2026\/02\/Picture2-1024x530.png\" alt=\"\" class=\"wp-image-17583\" srcset=\"https:\/\/er-c.org\/wp-content\/uploads\/2026\/02\/Picture2-1024x530.png 1024w, https:\/\/er-c.org\/wp-content\/uploads\/2026\/02\/Picture2-300x155.png 300w, https:\/\/er-c.org\/wp-content\/uploads\/2026\/02\/Picture2-768x398.png 768w, https:\/\/er-c.org\/wp-content\/uploads\/2026\/02\/Picture2.png 1265w\" sizes=\"auto, (max-width: 1024px) 100vw, 1024px\" \/><\/figure>\n<\/div>\n\n\n<p style=\"text-align: center;\">In case you plan to travel by bus: the&nbsp;<strong>SB 20<\/strong>,&nbsp;<strong>SB 35<\/strong>&nbsp;and the&nbsp;<strong>220<\/strong>&nbsp;bus lines connect Forschungszentrum J\u00fclich to the local public transport system. Timetables are available here: <br><a href=\"https:\/\/avv.de\/de\/linienfahrplaene\">Linienfahrpl\u00e4ne &#8211; AVV<\/a><br>The closest Stop is \u201cFZJ Strahlenschutz\u201d (5 min walking distance), see below (blue dot is the venue, red dot is the bus stop).<\/p>\n\n\n<div class=\"wp-block-image\">\n<figure class=\"aligncenter size-medium\"><img loading=\"lazy\" decoding=\"async\" width=\"300\" height=\"269\" src=\"https:\/\/er-c.org\/wp-content\/uploads\/2025\/10\/Bus-Stop-300x269.png\" alt=\"\" class=\"wp-image-15763\" srcset=\"https:\/\/er-c.org\/wp-content\/uploads\/2025\/10\/Bus-Stop-300x269.png 300w, https:\/\/er-c.org\/wp-content\/uploads\/2025\/10\/Bus-Stop.png 757w\" sizes=\"auto, (max-width: 300px) 100vw, 300px\" \/><\/figure>\n<\/div>\n\n\n<h3>&nbsp;<\/h3>\n<h3 style=\"text-align: center;\">Travel Support<\/h3>\n\n\n<div class=\"wp-block-image\">\n<figure class=\"aligncenter size-large is-resized\"><img loading=\"lazy\" decoding=\"async\" width=\"1024\" height=\"289\" src=\"https:\/\/er-c.org\/wp-content\/uploads\/2025\/10\/eca-logo2-1024x289.png\" alt=\"\" class=\"wp-image-16777\" style=\"width:auto;height:60px\" srcset=\"https:\/\/er-c.org\/wp-content\/uploads\/2025\/10\/eca-logo2-1024x289.png 1024w, https:\/\/er-c.org\/wp-content\/uploads\/2025\/10\/eca-logo2-300x85.png 300w, https:\/\/er-c.org\/wp-content\/uploads\/2025\/10\/eca-logo2-768x217.png 768w, https:\/\/er-c.org\/wp-content\/uploads\/2025\/10\/eca-logo2-1536x434.png 1536w, https:\/\/er-c.org\/wp-content\/uploads\/2025\/10\/eca-logo2.png 1611w\" sizes=\"auto, (max-width: 1024px) 100vw, 1024px\" \/><\/figure>\n<\/div>\n\n\n<p style=\"text-align: center;\">A limited amount of travel support is possible through the <strong>European Crystallographic Association (ECA)<\/strong>. The eligibility criteria are as follows:<\/p>\n<ol>\n<li>You are a &#8220;young&#8221; scientists (under the age of 35).<\/li>\n<li>Your host institution is located within the the <a href=\"https:\/\/ecanews.org\/about-eca\/membership\/national-members\/\" target=\"_blank\" rel=\"noopener\">ECA region<\/a>.<\/li>\n<li>Individual membership of the ECA is mandatory.<\/li>\n<li>Applicants must present a poster at the school.<\/li>\n<\/ol>\n<p style=\"text-align: center;\">To apply, please submit the following documents to Tatiana Gorelik (<a href=\"mailto:t.gorelik@fz-juelich.de\">t.gorelik@fz-juelich.de<\/a>).&nbsp;<\/p>\n<ol>\n<li>Proof of student status<\/li>\n<li>Support letter from your supervisor<\/li>\n<li>Motivation letter<\/li>\n<\/ol>\n<p><strong>Application deadline: 31 December 2025<\/strong><\/p>\n<p>&nbsp;<\/p>\n\n\n<div class=\"wp-block-image\">\n<figure class=\"aligncenter size-full is-resized\"><img loading=\"lazy\" decoding=\"async\" width=\"346\" height=\"146\" src=\"https:\/\/er-c.org\/wp-content\/uploads\/2025\/12\/IUCr.jpg\" alt=\"\" class=\"wp-image-17031\" style=\"width:auto;height:60px\" srcset=\"https:\/\/er-c.org\/wp-content\/uploads\/2025\/12\/IUCr.jpg 346w, https:\/\/er-c.org\/wp-content\/uploads\/2025\/12\/IUCr-300x127.jpg 300w\" sizes=\"auto, (max-width: 346px) 100vw, 346px\" \/><\/figure>\n<\/div>\n\n\n<p>The<strong> International Union of Crystallography<\/strong> (<a href=\"http:\/\/www.iucr.org\/\">www.iucr.org<\/a>) provides grants to support young and early career scientists to participate in WiSe-Cryst 2026 as well. To apply for the grant please send the following documents to Tatiana Gorelik\u00a0(<a href=\"mailto:t.gorelik@fz-juelich.de\">t.gorelik@fz-juelich.de<\/a>)\u00a0with the subject \u201cIUCr grant application\u201d:<\/p>\n<ol>\n<li>Motivation letter<\/li>\n<li>CV including a\u00a0list of publications (if any)<\/li>\n<li>Support letter from your supervisor<\/li>\n<li>Document confirming your &#8220;young scientist&#8221; status\u00a0<\/li>\n<\/ol>\n<p><strong>Application deadline: 18 January 2026<\/strong><\/p>\n<\/div><\/div>\n<\/div>\n<\/div>\n\n\n<div style=\"height:300pxpx;\" class=\"wp-block-themeisle-blocks-leaflet-map\" id=\"wp-block-themeisle-blocks-leaflet-map-61872805\"><\/div>\n<script type=\"text\/javascript\">\n\t\/* <![CDATA[ *\/\n\t\tif ( ! window.themeisleLeafletMaps ) window.themeisleLeafletMaps =[];\n\t\twindow.themeisleLeafletMaps.push( { container: \"wp-block-themeisle-blocks-leaflet-map-61872805\", attributes: {\"id\":\"wp-block-themeisle-blocks-leaflet-map-61872805\",\"location\":\"Forschungszentrum J\\u00fclich\",\"latitude\":\"51.193115244645874\",\"longitude\":\"6.08642578125\",\"bbox\":\"3.7792968750000004,50.673835249921346,8.393554687500002,51.70660846336452\",\"zoom\":8,\"height\":\"300px\",\"markers\":[{\"id\":\"11375d3f-5752-4969-9baf-913019905d5f\",\"latitude\":50.90802585409309,\"longitude\":6.414749622344972,\"title\":\"ER-C\",\"description\":\"\",\"location\":\"Forschungszentrum J\\u00fclich\"}],\"zoomControl\":true,\"draggable\":true,\"extended_widget_opts_block\":{},\"extended_widget_opts\":{},\"extended_widget_opts_state\":\"\",\"extended_widget_opts_clientid\":\"\",\"dateUpdated\":\"\",\"hasCustomCSS\":false,\"customCSS\":\"\",\"otterConditions\":[]} } );\n\t\/* ]]> *\/\n<\/script>\n\n\n\n<div style=\"height:50px\" aria-hidden=\"true\" class=\"wp-block-spacer\"><\/div>\n","protected":false},"excerpt":{"rendered":"<p>The Electron Crystallography School in J\u00fclich follows the long tradition of educational events in the field of electron crystallography in Europe, coordinated by the Special Interest Group for Electron Crystallography (SIG4) of the European Crystallographic Association. This school will continue the traditions of previous schools, featuring foundational lectures, while adding a new focus on hands-on data collection at numerous electron microscopes and introducing data collection protocols in action. <\/p>\n","protected":false},"author":2,"featured_media":10428,"parent":10425,"menu_order":0,"comment_status":"closed","ping_status":"closed","template":"page-templates\/pagebuilder.php","meta":{"_themeisle_gutenberg_block_has_review":false,"footnotes":""},"class_list":["post-10474","page","type-page","status-publish","has-post-thumbnail","hentry"],"_links":{"self":[{"href":"https:\/\/er-c.org\/index.php\/wp-json\/wp\/v2\/pages\/10474","targetHints":{"allow":["GET"]}}],"collection":[{"href":"https:\/\/er-c.org\/index.php\/wp-json\/wp\/v2\/pages"}],"about":[{"href":"https:\/\/er-c.org\/index.php\/wp-json\/wp\/v2\/types\/page"}],"author":[{"embeddable":true,"href":"https:\/\/er-c.org\/index.php\/wp-json\/wp\/v2\/users\/2"}],"replies":[{"embeddable":true,"href":"https:\/\/er-c.org\/index.php\/wp-json\/wp\/v2\/comments?post=10474"}],"version-history":[{"count":23,"href":"https:\/\/er-c.org\/index.php\/wp-json\/wp\/v2\/pages\/10474\/revisions"}],"predecessor-version":[{"id":17588,"href":"https:\/\/er-c.org\/index.php\/wp-json\/wp\/v2\/pages\/10474\/revisions\/17588"}],"up":[{"embeddable":true,"href":"https:\/\/er-c.org\/index.php\/wp-json\/wp\/v2\/pages\/10425"}],"wp:featuredmedia":[{"embeddable":true,"href":"https:\/\/er-c.org\/index.php\/wp-json\/wp\/v2\/media\/10428"}],"wp:attachment":[{"href":"https:\/\/er-c.org\/index.php\/wp-json\/wp\/v2\/media?parent=10474"}],"curies":[{"name":"wp","href":"https:\/\/api.w.org\/{rel}","templated":true}]}}